{"id":2799,"date":"2023-09-19T18:07:33","date_gmt":"2023-09-19T18:07:33","guid":{"rendered":"https:\/\/mixnmatchpaint.com\/?page_id=2799"},"modified":"2023-09-19T18:08:33","modified_gmt":"2023-09-19T18:08:33","slug":"politique-de-confidentialite-et-conditions-dutilisation","status":"publish","type":"page","link":"https:\/\/mixnmatchpaint.com\/fr-ca\/politique-de-confidentialite-et-conditions-dutilisation\/","title":{"rendered":"Politique de confidentialit\u00e9 et conditions d&rsquo;utilisation"},"content":{"rendered":"\t\t<div data-elementor-type=\"wp-page\" data-elementor-id=\"2799\" class=\"elementor elementor-2799\" data-elementor-post-type=\"page\">\n\t\t\t\t\t\t<section class=\"elementor-section elementor-top-section elementor-element elementor-element-c3d2966 elementor-section-content-middle elementor-section-boxed elementor-section-height-default elementor-section-height-default\" data-id=\"c3d2966\" data-element_type=\"section\" data-e-type=\"section\" data-settings=\"{&quot;background_background&quot;:&quot;slideshow&quot;,&quot;background_slideshow_gallery&quot;:[{&quot;id&quot;:48,&quot;url&quot;:&quot;https:\\\/\\\/mixnmatchpaint.com\\\/wp-content\\\/uploads\\\/2020\\\/12\\\/PREMIX-Just-White-1.jpg&quot;},{&quot;id&quot;:49,&quot;url&quot;:&quot;https:\\\/\\\/mixnmatchpaint.com\\\/wp-content\\\/uploads\\\/2020\\\/12\\\/PREMIX-Just-White-2.jpg&quot;},{&quot;id&quot;:50,&quot;url&quot;:&quot;https:\\\/\\\/mixnmatchpaint.com\\\/wp-content\\\/uploads\\\/2020\\\/12\\\/PREMIX-Must-Have-Blue-1.jpg&quot;},{&quot;id&quot;:51,&quot;url&quot;:&quot;https:\\\/\\\/mixnmatchpaint.com\\\/wp-content\\\/uploads\\\/2020\\\/12\\\/PREMIX-Must-Have-Blue-2.jpg&quot;}],&quot;background_slideshow_loop&quot;:&quot;yes&quot;,&quot;background_slideshow_slide_duration&quot;:5000,&quot;background_slideshow_slide_transition&quot;:&quot;fade&quot;,&quot;background_slideshow_transition_duration&quot;:500}\">\n\t\t\t\t\t\t\t<div class=\"elementor-background-overlay\"><\/div>\n\t\t\t\t\t\t\t<div class=\"elementor-container elementor-column-gap-default\">\n\t\t\t\t\t<div class=\"elementor-column elementor-col-50 elementor-top-column elementor-element elementor-element-f993a6d\" data-id=\"f993a6d\" data-element_type=\"column\" data-e-type=\"column\">\n\t\t\t<div class=\"elementor-widget-wrap elementor-element-populated\">\n\t\t\t\t\t\t<div class=\"elementor-element elementor-element-2a604ff elementor-widget elementor-widget-heading\" data-id=\"2a604ff\" data-element_type=\"widget\" data-e-type=\"widget\" data-widget_type=\"heading.default\">\n\t\t\t\t<div class=\"elementor-widget-container\">\n\t\t\t\t\t<h1 class=\"elementor-heading-title elementor-size-default\">Politique de confidentialit\u00e9 et conditions d&rsquo;utilisation<\/h1>\t\t\t\t<\/div>\n\t\t\t\t<\/div>\n\t\t\t\t\t<\/div>\n\t\t<\/div>\n\t\t\t\t<div class=\"elementor-column elementor-col-50 elementor-top-column elementor-element elementor-element-3531ec3\" data-id=\"3531ec3\" data-element_type=\"column\" data-e-type=\"column\">\n\t\t\t<div class=\"elementor-widget-wrap\">\n\t\t\t\t\t\t\t<\/div>\n\t\t<\/div>\n\t\t\t\t\t<\/div>\n\t\t<\/section>\n\t\t\t\t<section class=\"elementor-section elementor-top-section elementor-element elementor-element-939ab0c elementor-section-boxed elementor-section-height-default elementor-section-height-default\" data-id=\"939ab0c\" data-element_type=\"section\" data-e-type=\"section\">\n\t\t\t\t\t\t<div class=\"elementor-container elementor-column-gap-default\">\n\t\t\t\t\t<div class=\"elementor-column elementor-col-100 elementor-top-column elementor-element elementor-element-4f57b59\" data-id=\"4f57b59\" data-element_type=\"column\" data-e-type=\"column\">\n\t\t\t<div class=\"elementor-widget-wrap elementor-element-populated\">\n\t\t\t\t\t\t<div class=\"elementor-element elementor-element-9cf9bc8 elementor-widget elementor-widget-spacer\" data-id=\"9cf9bc8\" data-element_type=\"widget\" data-e-type=\"widget\" data-widget_type=\"spacer.default\">\n\t\t\t\t<div class=\"elementor-widget-container\">\n\t\t\t\t\t\t\t<div class=\"elementor-spacer\">\n\t\t\t<div class=\"elementor-spacer-inner\"><\/div>\n\t\t<\/div>\n\t\t\t\t\t\t<\/div>\n\t\t\t\t<\/div>\n\t\t\t\t\t<\/div>\n\t\t<\/div>\n\t\t\t\t\t<\/div>\n\t\t<\/section>\n\t\t\t\t<section class=\"elementor-section elementor-top-section elementor-element elementor-element-335ab30 elementor-section-boxed elementor-section-height-default elementor-section-height-default\" data-id=\"335ab30\" data-element_type=\"section\" data-e-type=\"section\">\n\t\t\t\t\t\t<div class=\"elementor-container elementor-column-gap-default\">\n\t\t\t\t\t<div class=\"elementor-column elementor-col-100 elementor-top-column elementor-element elementor-element-1e7559e\" data-id=\"1e7559e\" data-element_type=\"column\" data-e-type=\"column\">\n\t\t\t<div class=\"elementor-widget-wrap elementor-element-populated\">\n\t\t\t\t\t\t<div class=\"elementor-element elementor-element-99335d6 elementor-widget elementor-widget-text-editor\" data-id=\"99335d6\" data-element_type=\"widget\" data-e-type=\"widget\" data-widget_type=\"text-editor.default\">\n\t\t\t\t<div class=\"elementor-widget-container\">\n\t\t\t\t\t\t\t\t\t<p><b>CONDITIONS D\u2019UTILISATION<\/b><br \/>En acc\u00e9dant au site web de l\u2019entreprise, vous convenez d\u2019\u00eatre li\u00e9 par les pr\u00e9sentes modalit\u00e9s dans leur int\u00e9gralit\u00e9. Par exemple, lorsque l\u2019utilisateur nous transmet des renseignements personnels qui le concernent, celui-ci est r\u00e9put\u00e9 avoir consenti \u00e0 ce que ces donn\u00e9es soient utilis\u00e9es et communiqu\u00e9es aux fins et par les moyens d\u00e9crits dans les pr\u00e9sentes. Si vous n\u2019acceptez pas ces modalit\u00e9s d\u2019utilisation, vous ne devez pas naviguer sur le site web, utiliser ses services et fonctionnalit\u00e9s, ni t\u00e9l\u00e9charger le moindre \u00e9l\u00e9ment de son contenu.<\/p><p>\u00a0<\/p><p><strong>T\u00c9MOINS<\/strong><br \/>Nous utilisons des t\u00e9moins (cookies) pour am\u00e9liorer votre exp\u00e9rience lorsque vous naviguez sur le site web. Parmi ceux-ci, les t\u00e9moins cat\u00e9goris\u00e9s comme n\u00e9cessaires sont conserv\u00e9s sur votre navigateur car ils sont essentiels au fonctionnement des fonctionnalit\u00e9s du site web. Parfois, nous utilisons \u00e9galement des t\u00e9moins tiers qui nous aident \u00e0 analyser et \u00e0 comprendre comment vous utilisez le site web. Les t\u00e9moins fonctionnels aident \u00e0 ex\u00e9cuter certaines fonctionnalit\u00e9s, comme le partage de contenu du site web sur des plateformes de m\u00e9dias sociaux, la collecte de commentaires et d\u2019autres caract\u00e9ristiques de tierces parties. Les t\u00e9moins de performance sont utilis\u00e9s pour comprendre et analyser les principaux indices de performance du site web, ce qui permet d\u2019offrir une meilleure exp\u00e9rience utilisateur aux visiteurs. Les t\u00e9moins analytiques sont utilis\u00e9s pour comprendre comment les visiteurs interagissent avec le site web.<\/p><p>\u00a0<\/p><p><strong>QUE SONT LES T\u00c9MOINS?<\/strong><br \/>Les t\u00e9moins sont des fichiers texte qui servent \u00e0 conserver des \u00e9l\u00e9ments d\u2019information. Ils sont conserv\u00e9s sur votre appareil lorsque le site web est charg\u00e9 sur votre navigateur. Ces t\u00e9moins nous aident \u00e0 faire fonctionner le site Internet correctement, \u00e0 le rendre plus s\u00fbr, \u00e0 fournir une meilleure exp\u00e9rience utilisateur.<\/p><p>\u00a0<\/p><p><b>COMMENT UTILISONS-NOUS LES T\u00c9MOINS?<br \/><\/b>Le site web utilise des t\u00e9moins de premi\u00e8re partie et de tierce partie \u00e0 plusieurs fins. Les t\u00e9moins de premi\u00e8re partie sont essentiellement n\u00e9cessaires au bon fonctionnement du site web et ne recueillent aucune de vos donn\u00e9es personnelles identifiables. Les t\u00e9moins tiers utilis\u00e9s sur le site web servent principalement \u00e0 comprendre comment le site web fonctionne et comment vous interagissez avec le dit site. Ils servent aussi \u00e0 assurer la bonne s\u00e9curit\u00e9 de nos services. Bref, l\u2019objectif est d\u2019offrir une meilleure exp\u00e9rience utilisateur et d\u2019acc\u00e9l\u00e9rer vos interactions futures avec notre site web.<\/p><p>\u00a0<\/p><p><strong>QUELS TYPES DE T\u00c9MOINS UTILISONS-NOUS?<\/strong><br \/><strong><em>Performances :\u00a0<\/em><\/strong>L\u2019objectif est d\u2019offrir une meilleure exp\u00e9rience utilisateur et d\u2019acc\u00e9l\u00e9rer vos interactions futures avec notre site web.<\/p><p><i><\/i><strong><i>Fonctionnels :<\/i><\/strong>\u00a0Ce sont les t\u00e9moins qui aident certaines fonctionnalit\u00e9s non essentielles de notre site web. Ces fonctionnalit\u00e9s comprennent l\u2019int\u00e9gration de contenus tels que des vid\u00e9os ou le partage de contenus<\/p><p><strong><i>Analytiques :<\/i><\/strong>\u00a0Ces t\u00e9moins conservent des informations telles que le nombre de visiteurs du site web, le nombre de visiteurs uniques, les pages du site web qui ont \u00e9t\u00e9 visit\u00e9es, la source de la visite, etc. Ces donn\u00e9es nous aident \u00e0 comprendre et \u00e0 analyser les performances du site web et les points \u00e0 am\u00e9liorer.<\/p><p>\u00a0<\/p><p><b>LIENS EXTERNES DES HYPERLIENS<br \/><\/b>Des liens sur notre site web peuvent vous diriger vers d\u2019autres sites ou services web qui appartiennent \u00e0 des tiers et sont exploit\u00e9s par eux. Ces sites ne sont pas affili\u00e9s \u00e0 notre entreprise. Veuillez comprendre que les sites externes dont un lien figure sur notre site web sont ind\u00e9pendants et peuvent \u00e9galement recueillir vos renseignements personnels ou informations de t\u00e9moins (cookies). Il est convenu que nous ne pouvons pas \u00eatre tenu responsable de la fa\u00e7on dont ces tiers recueillent, utilisent ou communiquent vos renseignements personnels.<\/p><p>\u00a0<\/p><p><b>AFFICHAGE DE L\u2019INFORMATION<br \/><\/b>Nous ne pouvons garantir que les renseignements ou les \u00e9l\u00e9ments qui y figurent sont \u00e0 jour, exacts, exempts d\u2019erreurs ou exhaustifs. Nous n\u2019assumerons aucune responsabilit\u00e9 \u00e0 l\u2019\u00e9gard des erreurs ou des omissions pouvant figurer dans le contenu de ce site web, y compris des renseignements relatifs aux descriptions des produits, \u00e0 leurs prix et \u00e0 leur disponibilit\u00e9. Nous nous r\u00e9servons le droit de corriger, de modifier ou de mettre \u00e0 jour l\u2019information affich\u00e9e en tout temps.<\/p><p>\u00a0<\/p><p><b>LIMITATION DE RESPONSABILIT\u00c9<br \/><\/b>Notre site web est \u00e0 votre disposition pour consultation et nous ne pouvons garantir l\u2019exactitude du contenu affich\u00e9 en temps r\u00e9el, et ce, sans garantie que le tout sera offert sans interruption et sans piratage externe. Dans l\u2019\u00e9ventualit\u00e9 ou il y aurait une erreur et\/ou une omission, nous ne pourrons \u00eatre tenu responsable des dommages directs ou indirects qui pourrait en d\u00e9couler.<\/p><p>\u00a0<\/p><p><b>POLITIQUE DE CONFIDENTIALIT\u00c9 ET DE PROTECTION DES RENSEIGNEMENTS PERSONNELS<\/b><br \/>Les \u00e9l\u00e9ments envoy\u00e9s par formulaires et\/ou autres moyens sur le site web seront trait\u00e9s en toute s\u00e9curit\u00e9 et demeureront confidentiels, et ce, \u00e0 l\u2019int\u00e9rieure de notre organisation.<\/p><p>\u00a0<\/p><p><b>UTILISATION DES RENSEIGNEMENTS<br \/><\/b>Les renseignements recueillis sont strictement r\u00e9serv\u00e9s \u00e0 l\u2019usage de notre organisation. Soyez assur\u00e9 de la confidentialit\u00e9 de tous les renseignements personnels que vous inscrivez.<\/p><p>\u00a0<\/p><p><b>CONSENTEMENT ET CONSULTATION DES RENSEIGNEMENTS<br \/><\/b>En acceptant les conditions d\u2019utilisation et de politique de confidentialit\u00e9 du site web, vous donnez votre consentement sur les renseignements fournis. De plus, vous pouvez nous contacter par courriel en tout temps pour faire modifier et\/ou supprimer les informations transmises.<\/p><p>\u00a0<\/p><p><b>CHANGEMENTS ULT\u00c9RIEURS<\/b><br \/>Si des changements sont appliqu\u00e9s, nous actualiserons le contenu de cette page web. Pour avoir l\u2019information la plus \u00e0 jour, nous vous recommandons de consulter cette\u00e0 section r\u00e9guli\u00e8rement en vous r\u00e9f\u00e9rant \u00e0 la date inscrite au bas de cette page.<\/p><p>\u00a0<\/p><p><b>RESPONSABLE DE LA PROTECTION DES RENSEIGNEMENTS PERSONNELS<br \/><\/b>Si vous souhaitez que vos renseignements personnels soient modifi\u00e9s ou supprim\u00e9s, communiquez avec notre responsable de la protection des renseignements personnels :<\/p><p>Nom de la personne : Fran\u00e7ois Buisson<br \/>Titre ou fonction : Avocat corporatif<br \/>Courriel : info@laurentide.co<br \/><br \/>Derni\u00e8re mise \u00e0 jour : 22 septembre 2023<\/p>\t\t\t\t\t\t\t\t<\/div>\n\t\t\t\t<\/div>\n\t\t\t\t\t<\/div>\n\t\t<\/div>\n\t\t\t\t\t<\/div>\n\t\t<\/section>\n\t\t\t\t<section class=\"elementor-section elementor-top-section elementor-element elementor-element-26ff27e elementor-section-boxed elementor-section-height-default elementor-section-height-default\" data-id=\"26ff27e\" data-element_type=\"section\" data-e-type=\"section\">\n\t\t\t\t\t\t<div class=\"elementor-container elementor-column-gap-default\">\n\t\t\t\t\t<div class=\"elementor-column elementor-col-100 elementor-top-column elementor-element elementor-element-f6d9b67\" data-id=\"f6d9b67\" data-element_type=\"column\" data-e-type=\"column\">\n\t\t\t<div class=\"elementor-widget-wrap elementor-element-populated\">\n\t\t\t\t\t\t<div class=\"elementor-element elementor-element-c947d63 elementor-widget elementor-widget-spacer\" data-id=\"c947d63\" data-element_type=\"widget\" data-e-type=\"widget\" data-widget_type=\"spacer.default\">\n\t\t\t\t<div class=\"elementor-widget-container\">\n\t\t\t\t\t\t\t<div class=\"elementor-spacer\">\n\t\t\t<div class=\"elementor-spacer-inner\"><\/div>\n\t\t<\/div>\n\t\t\t\t\t\t<\/div>\n\t\t\t\t<\/div>\n\t\t\t\t\t<\/div>\n\t\t<\/div>\n\t\t\t\t\t<\/div>\n\t\t<\/section>\n\t\t\t\t<\/div>\n\t\t<section id=\"easyCookie\" class=\"ec-fixed  ec-icon ec-black  ec-double-btn\" data-expiresdays=\"180\">\n\t\t<div>\n\t\t\t<div class=\"ec-infos\">\n\t\t\t\tLe site web mixnmatchpaint.com utilise des t\u00e9moins de connexion (cookies) pour am\u00e9liorer votre exp\u00e9rience lorsque vous naviguez sur le site. Nous vous prions de bien vouloir prendre connaissance des pr\u00e9sentes modalit\u00e9s avant d\u2019utiliser le site web ou les services qu\u2019il offre. \/\/ We use cookies to ensure that we give you the best experience. If you continue using this website, we'll assume that you are happy about that.\n\t\t\t<\/div>\n\t\t\t<div class=\"ec-btns\">\n\t\t\t\t<a href=\"#\" class=\"ec-accept\">J'accepte \/\/ Accept<\/a>\n\t\t\t\t<a href=\"https:\/\/mixnmatchpaint.com\/fr-ca\/politique-de-confidentialite-et-conditions-dutilisation\/\" class=\"ec-empty\">Voir plus \/\/ View More<\/a>\n\t\t\t<\/div>\n\t\t<\/div>\n\t<\/section>","protected":false},"excerpt":{"rendered":"<p>CONDITIONS D\u2019UTILISATIONEn acc\u00e9dant au site web de l\u2019entreprise, vous convenez d\u2019\u00eatre li\u00e9 par les pr\u00e9sentes modalit\u00e9s dans leur int\u00e9gralit\u00e9. Par exemple, lorsque l\u2019utilisateur nous transmet des renseignements personnels qui le concernent, celui-ci est r\u00e9put\u00e9 avoir consenti \u00e0 ce que ces donn\u00e9es soient utilis\u00e9es et communiqu\u00e9es aux fins et par les moyens d\u00e9crits dans les pr\u00e9sentes. [&hellip;]<\/p>\n","protected":false},"author":2,"featured_media":0,"parent":0,"menu_order":0,"comment_status":"closed","ping_status":"closed","template":"","meta":{"_acf_changed":false,"footnotes":""},"class_list":["post-2799","page","type-page","status-publish","hentry"],"acf":[],"yoast_head":"<!-- This site is optimized with the Yoast SEO plugin v27.4 - https:\/\/yoast.com\/product\/yoast-seo-wordpress\/ -->\n<title>Politique de confidentialit\u00e9 et conditions d&#039;utilisation - Mix n&#039;Match Paint by Laurentide<\/title>\n<meta name=\"robots\" content=\"index, follow, max-snippet:-1, max-image-preview:large, max-video-preview:-1\" \/>\n<link rel=\"canonical\" href=\"https:\/\/mixnmatchpaint.com\/fr-ca\/politique-de-confidentialite-et-conditions-dutilisation\/\" \/>\n<meta property=\"og:locale\" content=\"fr_CA\" \/>\n<meta property=\"og:type\" content=\"article\" \/>\n<meta property=\"og:title\" content=\"Politique de confidentialit\u00e9 et conditions d&#039;utilisation - Mix n&#039;Match Paint by Laurentide\" \/>\n<meta property=\"og:description\" content=\"CONDITIONS D\u2019UTILISATIONEn acc\u00e9dant au site web de l\u2019entreprise, vous convenez d\u2019\u00eatre li\u00e9 par les pr\u00e9sentes modalit\u00e9s dans leur int\u00e9gralit\u00e9. Par exemple, lorsque l\u2019utilisateur nous transmet des renseignements personnels qui le concernent, celui-ci est r\u00e9put\u00e9 avoir consenti \u00e0 ce que ces donn\u00e9es soient utilis\u00e9es et communiqu\u00e9es aux fins et par les moyens d\u00e9crits dans les pr\u00e9sentes. [&hellip;]\" \/>\n<meta property=\"og:url\" content=\"https:\/\/mixnmatchpaint.com\/fr-ca\/politique-de-confidentialite-et-conditions-dutilisation\/\" \/>\n<meta property=\"og:site_name\" content=\"Mix n&#039;Match Paint by Laurentide\" \/>\n<meta property=\"article:modified_time\" content=\"2023-09-19T18:08:33+00:00\" \/>\n<meta name=\"twitter:card\" content=\"summary_large_image\" \/>\n<meta name=\"twitter:label1\" content=\"Estimation du temps de lecture\" \/>\n\t<meta name=\"twitter:data1\" content=\"5 minutes\" \/>\n<script type=\"application\/ld+json\" class=\"yoast-schema-graph\">{\"@context\":\"https:\\\/\\\/schema.org\",\"@graph\":[{\"@type\":\"WebPage\",\"@id\":\"https:\\\/\\\/mixnmatchpaint.com\\\/fr-ca\\\/politique-de-confidentialite-et-conditions-dutilisation\\\/\",\"url\":\"https:\\\/\\\/mixnmatchpaint.com\\\/fr-ca\\\/politique-de-confidentialite-et-conditions-dutilisation\\\/\",\"name\":\"Politique de confidentialit\u00e9 et conditions d'utilisation - Mix n&#039;Match Paint by Laurentide\",\"isPartOf\":{\"@id\":\"https:\\\/\\\/mixnmatchpaint.com\\\/fr-ca\\\/#website\"},\"datePublished\":\"2023-09-19T18:07:33+00:00\",\"dateModified\":\"2023-09-19T18:08:33+00:00\",\"breadcrumb\":{\"@id\":\"https:\\\/\\\/mixnmatchpaint.com\\\/fr-ca\\\/politique-de-confidentialite-et-conditions-dutilisation\\\/#breadcrumb\"},\"inLanguage\":\"fr-CA\",\"potentialAction\":[{\"@type\":\"ReadAction\",\"target\":[\"https:\\\/\\\/mixnmatchpaint.com\\\/fr-ca\\\/politique-de-confidentialite-et-conditions-dutilisation\\\/\"]}]},{\"@type\":\"BreadcrumbList\",\"@id\":\"https:\\\/\\\/mixnmatchpaint.com\\\/fr-ca\\\/politique-de-confidentialite-et-conditions-dutilisation\\\/#breadcrumb\",\"itemListElement\":[{\"@type\":\"ListItem\",\"position\":1,\"name\":\"Home\",\"item\":\"https:\\\/\\\/mixnmatchpaint.com\\\/fr-ca\\\/\"},{\"@type\":\"ListItem\",\"position\":2,\"name\":\"Politique de confidentialit\u00e9 et conditions d&#8217;utilisation\"}]},{\"@type\":\"WebSite\",\"@id\":\"https:\\\/\\\/mixnmatchpaint.com\\\/fr-ca\\\/#website\",\"url\":\"https:\\\/\\\/mixnmatchpaint.com\\\/fr-ca\\\/\",\"name\":\"Mix n&#039;Match Paint by Laurentide\",\"description\":\"Pre-mixed Color Collection\",\"publisher\":{\"@id\":\"https:\\\/\\\/mixnmatchpaint.com\\\/fr-ca\\\/#organization\"},\"potentialAction\":[{\"@type\":\"SearchAction\",\"target\":{\"@type\":\"EntryPoint\",\"urlTemplate\":\"https:\\\/\\\/mixnmatchpaint.com\\\/fr-ca\\\/?s={search_term_string}\"},\"query-input\":{\"@type\":\"PropertyValueSpecification\",\"valueRequired\":true,\"valueName\":\"search_term_string\"}}],\"inLanguage\":\"fr-CA\"},{\"@type\":\"Organization\",\"@id\":\"https:\\\/\\\/mixnmatchpaint.com\\\/fr-ca\\\/#organization\",\"name\":\"Mix n'Match paint by Laurentide\",\"url\":\"https:\\\/\\\/mixnmatchpaint.com\\\/fr-ca\\\/\",\"logo\":{\"@type\":\"ImageObject\",\"inLanguage\":\"fr-CA\",\"@id\":\"https:\\\/\\\/mixnmatchpaint.com\\\/fr-ca\\\/#\\\/schema\\\/logo\\\/image\\\/\",\"url\":\"https:\\\/\\\/mixnmatchpaint.com\\\/wp-content\\\/uploads\\\/2020\\\/12\\\/mixnmatch_logo-us-en.png\",\"contentUrl\":\"https:\\\/\\\/mixnmatchpaint.com\\\/wp-content\\\/uploads\\\/2020\\\/12\\\/mixnmatch_logo-us-en.png\",\"width\":1000,\"height\":150,\"caption\":\"Mix n'Match paint by Laurentide\"},\"image\":{\"@id\":\"https:\\\/\\\/mixnmatchpaint.com\\\/fr-ca\\\/#\\\/schema\\\/logo\\\/image\\\/\"}}]}<\/script>\n<!-- \/ Yoast SEO plugin. -->","yoast_head_json":{"title":"Politique de confidentialit\u00e9 et conditions d'utilisation - Mix n&#039;Match Paint by Laurentide","robots":{"index":"index","follow":"follow","max-snippet":"max-snippet:-1","max-image-preview":"max-image-preview:large","max-video-preview":"max-video-preview:-1"},"canonical":"https:\/\/mixnmatchpaint.com\/fr-ca\/politique-de-confidentialite-et-conditions-dutilisation\/","og_locale":"fr_CA","og_type":"article","og_title":"Politique de confidentialit\u00e9 et conditions d'utilisation - Mix n&#039;Match Paint by Laurentide","og_description":"CONDITIONS D\u2019UTILISATIONEn acc\u00e9dant au site web de l\u2019entreprise, vous convenez d\u2019\u00eatre li\u00e9 par les pr\u00e9sentes modalit\u00e9s dans leur int\u00e9gralit\u00e9. Par exemple, lorsque l\u2019utilisateur nous transmet des renseignements personnels qui le concernent, celui-ci est r\u00e9put\u00e9 avoir consenti \u00e0 ce que ces donn\u00e9es soient utilis\u00e9es et communiqu\u00e9es aux fins et par les moyens d\u00e9crits dans les pr\u00e9sentes. [&hellip;]","og_url":"https:\/\/mixnmatchpaint.com\/fr-ca\/politique-de-confidentialite-et-conditions-dutilisation\/","og_site_name":"Mix n&#039;Match Paint by Laurentide","article_modified_time":"2023-09-19T18:08:33+00:00","twitter_card":"summary_large_image","twitter_misc":{"Estimation du temps de lecture":"5 minutes"},"schema":{"@context":"https:\/\/schema.org","@graph":[{"@type":"WebPage","@id":"https:\/\/mixnmatchpaint.com\/fr-ca\/politique-de-confidentialite-et-conditions-dutilisation\/","url":"https:\/\/mixnmatchpaint.com\/fr-ca\/politique-de-confidentialite-et-conditions-dutilisation\/","name":"Politique de confidentialit\u00e9 et conditions d'utilisation - Mix n&#039;Match Paint by Laurentide","isPartOf":{"@id":"https:\/\/mixnmatchpaint.com\/fr-ca\/#website"},"datePublished":"2023-09-19T18:07:33+00:00","dateModified":"2023-09-19T18:08:33+00:00","breadcrumb":{"@id":"https:\/\/mixnmatchpaint.com\/fr-ca\/politique-de-confidentialite-et-conditions-dutilisation\/#breadcrumb"},"inLanguage":"fr-CA","potentialAction":[{"@type":"ReadAction","target":["https:\/\/mixnmatchpaint.com\/fr-ca\/politique-de-confidentialite-et-conditions-dutilisation\/"]}]},{"@type":"BreadcrumbList","@id":"https:\/\/mixnmatchpaint.com\/fr-ca\/politique-de-confidentialite-et-conditions-dutilisation\/#breadcrumb","itemListElement":[{"@type":"ListItem","position":1,"name":"Home","item":"https:\/\/mixnmatchpaint.com\/fr-ca\/"},{"@type":"ListItem","position":2,"name":"Politique de confidentialit\u00e9 et conditions d&#8217;utilisation"}]},{"@type":"WebSite","@id":"https:\/\/mixnmatchpaint.com\/fr-ca\/#website","url":"https:\/\/mixnmatchpaint.com\/fr-ca\/","name":"Mix n&#039;Match Paint by Laurentide","description":"Pre-mixed Color Collection","publisher":{"@id":"https:\/\/mixnmatchpaint.com\/fr-ca\/#organization"},"potentialAction":[{"@type":"SearchAction","target":{"@type":"EntryPoint","urlTemplate":"https:\/\/mixnmatchpaint.com\/fr-ca\/?s={search_term_string}"},"query-input":{"@type":"PropertyValueSpecification","valueRequired":true,"valueName":"search_term_string"}}],"inLanguage":"fr-CA"},{"@type":"Organization","@id":"https:\/\/mixnmatchpaint.com\/fr-ca\/#organization","name":"Mix n'Match paint by Laurentide","url":"https:\/\/mixnmatchpaint.com\/fr-ca\/","logo":{"@type":"ImageObject","inLanguage":"fr-CA","@id":"https:\/\/mixnmatchpaint.com\/fr-ca\/#\/schema\/logo\/image\/","url":"https:\/\/mixnmatchpaint.com\/wp-content\/uploads\/2020\/12\/mixnmatch_logo-us-en.png","contentUrl":"https:\/\/mixnmatchpaint.com\/wp-content\/uploads\/2020\/12\/mixnmatch_logo-us-en.png","width":1000,"height":150,"caption":"Mix n'Match paint by Laurentide"},"image":{"@id":"https:\/\/mixnmatchpaint.com\/fr-ca\/#\/schema\/logo\/image\/"}}]}},"_links":{"self":[{"href":"https:\/\/mixnmatchpaint.com\/fr-ca\/wp-json\/wp\/v2\/pages\/2799","targetHints":{"allow":["GET"]}}],"collection":[{"href":"https:\/\/mixnmatchpaint.com\/fr-ca\/wp-json\/wp\/v2\/pages"}],"about":[{"href":"https:\/\/mixnmatchpaint.com\/fr-ca\/wp-json\/wp\/v2\/types\/page"}],"author":[{"embeddable":true,"href":"https:\/\/mixnmatchpaint.com\/fr-ca\/wp-json\/wp\/v2\/users\/2"}],"replies":[{"embeddable":true,"href":"https:\/\/mixnmatchpaint.com\/fr-ca\/wp-json\/wp\/v2\/comments?post=2799"}],"version-history":[{"count":5,"href":"https:\/\/mixnmatchpaint.com\/fr-ca\/wp-json\/wp\/v2\/pages\/2799\/revisions"}],"predecessor-version":[{"id":3061,"href":"https:\/\/mixnmatchpaint.com\/fr-ca\/wp-json\/wp\/v2\/pages\/2799\/revisions\/3061"}],"wp:attachment":[{"href":"https:\/\/mixnmatchpaint.com\/fr-ca\/wp-json\/wp\/v2\/media?parent=2799"}],"curies":[{"name":"wp","href":"https:\/\/api.w.org\/{rel}","templated":true}]}}