{"id":1853,"date":"2020-12-20T19:01:38","date_gmt":"2020-12-20T19:01:38","guid":{"rendered":"https:\/\/mixnmatchpaint.com\/contact\/"},"modified":"2021-11-18T02:55:10","modified_gmt":"2021-11-18T02:55:10","slug":"contact","status":"publish","type":"page","link":"https:\/\/mixnmatchpaint.com\/fr-ca\/contact\/","title":{"rendered":"Contact"},"content":{"rendered":"\t\t<div data-elementor-type=\"wp-page\" data-elementor-id=\"1853\" class=\"elementor elementor-1853\" data-elementor-post-type=\"page\">\n\t\t\t\t\t\t<section class=\"elementor-section elementor-top-section elementor-element elementor-element-a45c0a1 elementor-section-content-middle elementor-section-boxed elementor-section-height-default elementor-section-height-default\" data-id=\"a45c0a1\" data-element_type=\"section\" data-settings=\"{&quot;background_background&quot;:&quot;slideshow&quot;,&quot;background_slideshow_gallery&quot;:[{&quot;id&quot;:48,&quot;url&quot;:&quot;https:\\\/\\\/mixnmatchpaint.com\\\/wp-content\\\/uploads\\\/2020\\\/12\\\/PREMIX-Just-White-1.jpg&quot;},{&quot;id&quot;:49,&quot;url&quot;:&quot;https:\\\/\\\/mixnmatchpaint.com\\\/wp-content\\\/uploads\\\/2020\\\/12\\\/PREMIX-Just-White-2.jpg&quot;},{&quot;id&quot;:50,&quot;url&quot;:&quot;https:\\\/\\\/mixnmatchpaint.com\\\/wp-content\\\/uploads\\\/2020\\\/12\\\/PREMIX-Must-Have-Blue-1.jpg&quot;},{&quot;id&quot;:51,&quot;url&quot;:&quot;https:\\\/\\\/mixnmatchpaint.com\\\/wp-content\\\/uploads\\\/2020\\\/12\\\/PREMIX-Must-Have-Blue-2.jpg&quot;}],&quot;background_slideshow_loop&quot;:&quot;yes&quot;,&quot;background_slideshow_slide_duration&quot;:5000,&quot;background_slideshow_slide_transition&quot;:&quot;fade&quot;,&quot;background_slideshow_transition_duration&quot;:500}\">\n\t\t\t\t\t\t\t<div class=\"elementor-background-overlay\"><\/div>\n\t\t\t\t\t\t\t<div class=\"elementor-container elementor-column-gap-default\">\n\t\t\t\t\t<div class=\"elementor-column elementor-col-50 elementor-top-column elementor-element elementor-element-ce2e9d6\" data-id=\"ce2e9d6\" data-element_type=\"column\">\n\t\t\t<div class=\"elementor-widget-wrap elementor-element-populated\">\n\t\t\t\t\t\t<div class=\"elementor-element elementor-element-7696d03 elementor-widget elementor-widget-heading\" data-id=\"7696d03\" data-element_type=\"widget\" data-widget_type=\"heading.default\">\n\t\t\t\t<div class=\"elementor-widget-container\">\n\t\t\t\t\t<h1 class=\"elementor-heading-title elementor-size-default\">Contact<\/h1>\t\t\t\t<\/div>\n\t\t\t\t<\/div>\n\t\t\t\t\t<\/div>\n\t\t<\/div>\n\t\t\t\t<div class=\"elementor-column elementor-col-50 elementor-top-column elementor-element elementor-element-af6fc42\" data-id=\"af6fc42\" data-element_type=\"column\">\n\t\t\t<div class=\"elementor-widget-wrap\">\n\t\t\t\t\t\t\t<\/div>\n\t\t<\/div>\n\t\t\t\t\t<\/div>\n\t\t<\/section>\n\t\t\t\t<section class=\"elementor-section elementor-top-section elementor-element elementor-element-5bcf810 elementor-section-boxed elementor-section-height-default elementor-section-height-default\" data-id=\"5bcf810\" data-element_type=\"section\">\n\t\t\t\t\t\t<div class=\"elementor-container elementor-column-gap-default\">\n\t\t\t\t\t<div class=\"elementor-column elementor-col-50 elementor-top-column elementor-element elementor-element-ae5aec7\" data-id=\"ae5aec7\" data-element_type=\"column\">\n\t\t\t<div class=\"elementor-widget-wrap elementor-element-populated\">\n\t\t\t\t\t\t<div class=\"elementor-element elementor-element-eaef0c3 elementor-widget elementor-widget-heading\" data-id=\"eaef0c3\" data-element_type=\"widget\" data-widget_type=\"heading.default\">\n\t\t\t\t<div class=\"elementor-widget-container\">\n\t\t\t\t\t<h3 class=\"elementor-heading-title elementor-size-default\">Any questions or need more information about our great products? <\/h3>\t\t\t\t<\/div>\n\t\t\t\t<\/div>\n\t\t\t\t\t<\/div>\n\t\t<\/div>\n\t\t\t\t<div class=\"elementor-column elementor-col-50 elementor-top-column elementor-element elementor-element-a638fc0\" data-id=\"a638fc0\" data-element_type=\"column\">\n\t\t\t<div class=\"elementor-widget-wrap elementor-element-populated\">\n\t\t\t\t\t\t<div class=\"elementor-element elementor-element-6038577 elementor-button-align-stretch elementor-widget elementor-widget-form\" data-id=\"6038577\" data-element_type=\"widget\" data-settings=\"{&quot;step_next_label&quot;:&quot;Next&quot;,&quot;step_previous_label&quot;:&quot;Previous&quot;,&quot;button_width&quot;:&quot;100&quot;,&quot;step_type&quot;:&quot;number_text&quot;,&quot;step_icon_shape&quot;:&quot;circle&quot;}\" data-widget_type=\"form.default\">\n\t\t\t\t<div class=\"elementor-widget-container\">\n\t\t\t\t\t\t\t<form class=\"elementor-form\" method=\"post\" name=\"New Form\">\n\t\t\t<input type=\"hidden\" name=\"post_id\" value=\"1853\"\/>\n\t\t\t<input type=\"hidden\" name=\"form_id\" value=\"6038577\"\/>\n\t\t\t<input type=\"hidden\" name=\"referer_title\" value=\"Mix n&#039;Match Paint by Laurentide\" \/>\n\n\t\t\t\n\t\t\t<div class=\"elementor-form-fields-wrapper elementor-labels-above\">\n\t\t\t\t\t\t\t\t<div class=\"elementor-field-type-text elementor-field-group elementor-column elementor-field-group-name elementor-col-50 elementor-field-required elementor-mark-required\">\n\t\t\t\t\t\t\t\t\t\t\t\t<label for=\"form-field-name\" class=\"elementor-field-label\">\n\t\t\t\t\t\t\t\tFirst Name\t\t\t\t\t\t\t<\/label>\n\t\t\t\t\t\t\t\t\t\t\t\t\t\t<input size=\"1\" type=\"text\" name=\"form_fields[name]\" id=\"form-field-name\" class=\"elementor-field elementor-size-xl  elementor-field-textual\" placeholder=\"Enter your first name\" required=\"required\" aria-required=\"true\">\n\t\t\t\t\t\t\t\t\t\t\t<\/div>\n\t\t\t\t\t\t\t\t<div class=\"elementor-field-type-text elementor-field-group elementor-column elementor-field-group-field_92a41aa elementor-col-50 elementor-field-required elementor-mark-required\">\n\t\t\t\t\t\t\t\t\t\t\t\t<label for=\"form-field-field_92a41aa\" class=\"elementor-field-label\">\n\t\t\t\t\t\t\t\tLast Name\t\t\t\t\t\t\t<\/label>\n\t\t\t\t\t\t\t\t\t\t\t\t\t\t<input size=\"1\" type=\"text\" name=\"form_fields[field_92a41aa]\" id=\"form-field-field_92a41aa\" class=\"elementor-field elementor-size-xl  elementor-field-textual\" placeholder=\"Enter your last name\" required=\"required\" aria-required=\"true\">\n\t\t\t\t\t\t\t\t\t\t\t<\/div>\n\t\t\t\t\t\t\t\t<div class=\"elementor-field-type-email elementor-field-group elementor-column elementor-field-group-email elementor-col-100 elementor-field-required elementor-mark-required\">\n\t\t\t\t\t\t\t\t\t\t\t\t<label for=\"form-field-email\" class=\"elementor-field-label\">\n\t\t\t\t\t\t\t\tEmail Address\t\t\t\t\t\t\t<\/label>\n\t\t\t\t\t\t\t\t\t\t\t\t\t\t<input size=\"1\" type=\"email\" name=\"form_fields[email]\" id=\"form-field-email\" class=\"elementor-field elementor-size-xl  elementor-field-textual\" placeholder=\"Enter your email address\" required=\"required\" aria-required=\"true\">\n\t\t\t\t\t\t\t\t\t\t\t<\/div>\n\t\t\t\t\t\t\t\t<div class=\"elementor-field-type-textarea elementor-field-group elementor-column elementor-field-group-message elementor-col-100 elementor-field-required elementor-mark-required\">\n\t\t\t\t\t\t\t\t\t\t\t\t<label for=\"form-field-message\" class=\"elementor-field-label\">\n\t\t\t\t\t\t\t\tMessage\t\t\t\t\t\t\t<\/label>\n\t\t\t\t\t\t<textarea class=\"elementor-field-textual elementor-field  elementor-size-xl\" name=\"form_fields[message]\" id=\"form-field-message\" rows=\"8\" placeholder=\"Enter your message\" required=\"required\" aria-required=\"true\"><\/textarea>\t\t\t\t<\/div>\n\t\t\t\t\t\t\t\t<div class=\"elementor-field-group elementor-column elementor-field-type-submit elementor-col-100 e-form__buttons\">\n\t\t\t\t\t<button class=\"elementor-button elementor-size-lg\" type=\"submit\">\n\t\t\t\t\t\t<span class=\"elementor-button-content-wrapper\">\n\t\t\t\t\t\t\t\t\t\t\t\t\t\t\t\t\t\t\t\t\t\t<span class=\"elementor-button-text\">Send Message<\/span>\n\t\t\t\t\t\t\t\t\t\t\t\t\t<\/span>\n\t\t\t\t\t<\/button>\n\t\t\t\t<\/div>\n\t\t\t<\/div>\n\t\t<\/form>\n\t\t\t\t\t\t<\/div>\n\t\t\t\t<\/div>\n\t\t\t\t\t<\/div>\n\t\t<\/div>\n\t\t\t\t\t<\/div>\n\t\t<\/section>\n\t\t\t\t<\/div>\n\t\t<section id=\"easyCookie\" class=\"ec-fixed  ec-icon ec-black  ec-double-btn\" data-expiresdays=\"180\">\n\t\t<div>\n\t\t\t<div class=\"ec-infos\">\n\t\t\t\tLe site web mixnmatchpaint.com utilise des t\u00e9moins de connexion (cookies) pour am\u00e9liorer votre exp\u00e9rience lorsque vous naviguez sur le site. Nous vous prions de bien vouloir prendre connaissance des pr\u00e9sentes modalit\u00e9s avant d\u2019utiliser le site web ou les services qu\u2019il offre. \/\/ We use cookies to ensure that we give you the best experience. If you continue using this website, we'll assume that you are happy about that.\n\t\t\t<\/div>\n\t\t\t<div class=\"ec-btns\">\n\t\t\t\t<a href=\"#\" class=\"ec-accept\">J'accepte \/\/ Accept<\/a>\n\t\t\t\t<a href=\"https:\/\/mixnmatchpaint.com\/fr-ca\/politique-de-confidentialite-et-conditions-dutilisation\/\" class=\"ec-empty\">Voir plus \/\/ View More<\/a>\n\t\t\t<\/div>\n\t\t<\/div>\n\t<\/section>","protected":false},"excerpt":{"rendered":"<p>Any questions or need more information about our great products? Le site web mixnmatchpaint.com utilise des t\u00e9moins de connexion (cookies) pour am\u00e9liorer votre exp\u00e9rience lorsque vous naviguez sur le site. Nous vous prions de bien vouloir prendre connaissance des pr\u00e9sentes modalit\u00e9s avant d\u2019utiliser le site web ou les services qu\u2019il offre. \/\/ We use cookies [&hellip;]<\/p>\n","protected":false},"author":1,"featured_media":0,"parent":0,"menu_order":0,"comment_status":"closed","ping_status":"closed","template":"","meta":{"_acf_changed":false,"footnotes":""},"class_list":["post-1853","page","type-page","status-publish","hentry"],"acf":[],"yoast_head":"<!-- This site is optimized with the Yoast SEO plugin v26.6 - https:\/\/yoast.com\/wordpress\/plugins\/seo\/ -->\n<title>Contact - Mix n&#039;Match Paint by Laurentide<\/title>\n<meta name=\"robots\" content=\"index, follow, max-snippet:-1, max-image-preview:large, max-video-preview:-1\" \/>\n<link rel=\"canonical\" href=\"https:\/\/mixnmatchpaint.com\/fr-ca\/contact\/\" \/>\n<meta property=\"og:locale\" content=\"fr_CA\" \/>\n<meta property=\"og:type\" content=\"article\" \/>\n<meta property=\"og:title\" content=\"Contact - Mix n&#039;Match Paint by Laurentide\" \/>\n<meta property=\"og:description\" content=\"Any questions or need more information about our great products? Le site web mixnmatchpaint.com utilise des t\u00e9moins de connexion (cookies) pour am\u00e9liorer votre exp\u00e9rience lorsque vous naviguez sur le site. Nous vous prions de bien vouloir prendre connaissance des pr\u00e9sentes modalit\u00e9s avant d\u2019utiliser le site web ou les services qu\u2019il offre. \/\/ We use cookies [&hellip;]\" \/>\n<meta property=\"og:url\" content=\"https:\/\/mixnmatchpaint.com\/fr-ca\/contact\/\" \/>\n<meta property=\"og:site_name\" content=\"Mix n&#039;Match Paint by Laurentide\" \/>\n<meta property=\"article:modified_time\" content=\"2021-11-18T02:55:10+00:00\" \/>\n<meta name=\"twitter:card\" content=\"summary_large_image\" \/>\n<meta name=\"twitter:label1\" content=\"Estimation du temps de lecture\" \/>\n\t<meta name=\"twitter:data1\" content=\"1 minute\" \/>\n<script type=\"application\/ld+json\" class=\"yoast-schema-graph\">{\"@context\":\"https:\/\/schema.org\",\"@graph\":[{\"@type\":\"WebPage\",\"@id\":\"https:\/\/mixnmatchpaint.com\/fr-ca\/contact\/\",\"url\":\"https:\/\/mixnmatchpaint.com\/fr-ca\/contact\/\",\"name\":\"Contact - Mix n&#039;Match Paint by Laurentide\",\"isPartOf\":{\"@id\":\"https:\/\/mixnmatchpaint.com\/fr-ca\/#website\"},\"datePublished\":\"2020-12-20T19:01:38+00:00\",\"dateModified\":\"2021-11-18T02:55:10+00:00\",\"breadcrumb\":{\"@id\":\"https:\/\/mixnmatchpaint.com\/fr-ca\/contact\/#breadcrumb\"},\"inLanguage\":\"fr-CA\",\"potentialAction\":[{\"@type\":\"ReadAction\",\"target\":[\"https:\/\/mixnmatchpaint.com\/fr-ca\/contact\/\"]}]},{\"@type\":\"BreadcrumbList\",\"@id\":\"https:\/\/mixnmatchpaint.com\/fr-ca\/contact\/#breadcrumb\",\"itemListElement\":[{\"@type\":\"ListItem\",\"position\":1,\"name\":\"Home\",\"item\":\"https:\/\/mixnmatchpaint.com\/fr-ca\/\"},{\"@type\":\"ListItem\",\"position\":2,\"name\":\"Contact\"}]},{\"@type\":\"WebSite\",\"@id\":\"https:\/\/mixnmatchpaint.com\/fr-ca\/#website\",\"url\":\"https:\/\/mixnmatchpaint.com\/fr-ca\/\",\"name\":\"Mix n&#039;Match Paint by Laurentide\",\"description\":\"Pre-mixed Color Collection\",\"publisher\":{\"@id\":\"https:\/\/mixnmatchpaint.com\/fr-ca\/#organization\"},\"potentialAction\":[{\"@type\":\"SearchAction\",\"target\":{\"@type\":\"EntryPoint\",\"urlTemplate\":\"https:\/\/mixnmatchpaint.com\/fr-ca\/?s={search_term_string}\"},\"query-input\":{\"@type\":\"PropertyValueSpecification\",\"valueRequired\":true,\"valueName\":\"search_term_string\"}}],\"inLanguage\":\"fr-CA\"},{\"@type\":\"Organization\",\"@id\":\"https:\/\/mixnmatchpaint.com\/fr-ca\/#organization\",\"name\":\"Mix n'Match paint by Laurentide\",\"url\":\"https:\/\/mixnmatchpaint.com\/fr-ca\/\",\"logo\":{\"@type\":\"ImageObject\",\"inLanguage\":\"fr-CA\",\"@id\":\"https:\/\/mixnmatchpaint.com\/fr-ca\/#\/schema\/logo\/image\/\",\"url\":\"https:\/\/mixnmatchpaint.com\/wp-content\/uploads\/2020\/12\/mixnmatch_logo-us-en.png\",\"contentUrl\":\"https:\/\/mixnmatchpaint.com\/wp-content\/uploads\/2020\/12\/mixnmatch_logo-us-en.png\",\"width\":1000,\"height\":150,\"caption\":\"Mix n'Match paint by Laurentide\"},\"image\":{\"@id\":\"https:\/\/mixnmatchpaint.com\/fr-ca\/#\/schema\/logo\/image\/\"}}]}<\/script>\n<!-- \/ Yoast SEO plugin. -->","yoast_head_json":{"title":"Contact - Mix n&#039;Match Paint by Laurentide","robots":{"index":"index","follow":"follow","max-snippet":"max-snippet:-1","max-image-preview":"max-image-preview:large","max-video-preview":"max-video-preview:-1"},"canonical":"https:\/\/mixnmatchpaint.com\/fr-ca\/contact\/","og_locale":"fr_CA","og_type":"article","og_title":"Contact - Mix n&#039;Match Paint by Laurentide","og_description":"Any questions or need more information about our great products? Le site web mixnmatchpaint.com utilise des t\u00e9moins de connexion (cookies) pour am\u00e9liorer votre exp\u00e9rience lorsque vous naviguez sur le site. Nous vous prions de bien vouloir prendre connaissance des pr\u00e9sentes modalit\u00e9s avant d\u2019utiliser le site web ou les services qu\u2019il offre. \/\/ We use cookies [&hellip;]","og_url":"https:\/\/mixnmatchpaint.com\/fr-ca\/contact\/","og_site_name":"Mix n&#039;Match Paint by Laurentide","article_modified_time":"2021-11-18T02:55:10+00:00","twitter_card":"summary_large_image","twitter_misc":{"Estimation du temps de lecture":"1 minute"},"schema":{"@context":"https:\/\/schema.org","@graph":[{"@type":"WebPage","@id":"https:\/\/mixnmatchpaint.com\/fr-ca\/contact\/","url":"https:\/\/mixnmatchpaint.com\/fr-ca\/contact\/","name":"Contact - Mix n&#039;Match Paint by Laurentide","isPartOf":{"@id":"https:\/\/mixnmatchpaint.com\/fr-ca\/#website"},"datePublished":"2020-12-20T19:01:38+00:00","dateModified":"2021-11-18T02:55:10+00:00","breadcrumb":{"@id":"https:\/\/mixnmatchpaint.com\/fr-ca\/contact\/#breadcrumb"},"inLanguage":"fr-CA","potentialAction":[{"@type":"ReadAction","target":["https:\/\/mixnmatchpaint.com\/fr-ca\/contact\/"]}]},{"@type":"BreadcrumbList","@id":"https:\/\/mixnmatchpaint.com\/fr-ca\/contact\/#breadcrumb","itemListElement":[{"@type":"ListItem","position":1,"name":"Home","item":"https:\/\/mixnmatchpaint.com\/fr-ca\/"},{"@type":"ListItem","position":2,"name":"Contact"}]},{"@type":"WebSite","@id":"https:\/\/mixnmatchpaint.com\/fr-ca\/#website","url":"https:\/\/mixnmatchpaint.com\/fr-ca\/","name":"Mix n&#039;Match Paint by Laurentide","description":"Pre-mixed Color Collection","publisher":{"@id":"https:\/\/mixnmatchpaint.com\/fr-ca\/#organization"},"potentialAction":[{"@type":"SearchAction","target":{"@type":"EntryPoint","urlTemplate":"https:\/\/mixnmatchpaint.com\/fr-ca\/?s={search_term_string}"},"query-input":{"@type":"PropertyValueSpecification","valueRequired":true,"valueName":"search_term_string"}}],"inLanguage":"fr-CA"},{"@type":"Organization","@id":"https:\/\/mixnmatchpaint.com\/fr-ca\/#organization","name":"Mix n'Match paint by Laurentide","url":"https:\/\/mixnmatchpaint.com\/fr-ca\/","logo":{"@type":"ImageObject","inLanguage":"fr-CA","@id":"https:\/\/mixnmatchpaint.com\/fr-ca\/#\/schema\/logo\/image\/","url":"https:\/\/mixnmatchpaint.com\/wp-content\/uploads\/2020\/12\/mixnmatch_logo-us-en.png","contentUrl":"https:\/\/mixnmatchpaint.com\/wp-content\/uploads\/2020\/12\/mixnmatch_logo-us-en.png","width":1000,"height":150,"caption":"Mix n'Match paint by Laurentide"},"image":{"@id":"https:\/\/mixnmatchpaint.com\/fr-ca\/#\/schema\/logo\/image\/"}}]}},"_links":{"self":[{"href":"https:\/\/mixnmatchpaint.com\/fr-ca\/wp-json\/wp\/v2\/pages\/1853","targetHints":{"allow":["GET"]}}],"collection":[{"href":"https:\/\/mixnmatchpaint.com\/fr-ca\/wp-json\/wp\/v2\/pages"}],"about":[{"href":"https:\/\/mixnmatchpaint.com\/fr-ca\/wp-json\/wp\/v2\/types\/page"}],"author":[{"embeddable":true,"href":"https:\/\/mixnmatchpaint.com\/fr-ca\/wp-json\/wp\/v2\/users\/1"}],"replies":[{"embeddable":true,"href":"https:\/\/mixnmatchpaint.com\/fr-ca\/wp-json\/wp\/v2\/comments?post=1853"}],"version-history":[{"count":3,"href":"https:\/\/mixnmatchpaint.com\/fr-ca\/wp-json\/wp\/v2\/pages\/1853\/revisions"}],"predecessor-version":[{"id":2738,"href":"https:\/\/mixnmatchpaint.com\/fr-ca\/wp-json\/wp\/v2\/pages\/1853\/revisions\/2738"}],"wp:attachment":[{"href":"https:\/\/mixnmatchpaint.com\/fr-ca\/wp-json\/wp\/v2\/media?parent=1853"}],"curies":[{"name":"wp","href":"https:\/\/api.w.org\/{rel}","templated":true}]}}