{"id":1851,"date":"2021-01-07T16:26:52","date_gmt":"2021-01-07T16:26:52","guid":{"rendered":"https:\/\/mixnmatchpaint.com\/why-mix-n-match\/"},"modified":"2021-02-22T15:04:22","modified_gmt":"2021-02-22T15:04:22","slug":"choisir-mix-n-match","status":"publish","type":"page","link":"https:\/\/mixnmatchpaint.com\/fr-ca\/choisir-mix-n-match\/","title":{"rendered":"Choisir MIX &#038; MATCH"},"content":{"rendered":"\t\t<div data-elementor-type=\"wp-page\" data-elementor-id=\"1851\" class=\"elementor elementor-1851\" data-elementor-post-type=\"page\">\n\t\t\t\t\t\t<section class=\"elementor-section elementor-top-section elementor-element elementor-element-c3d2966 elementor-section-content-middle elementor-section-boxed elementor-section-height-default elementor-section-height-default\" data-id=\"c3d2966\" data-element_type=\"section\" data-settings=\"{&quot;background_background&quot;:&quot;slideshow&quot;,&quot;background_slideshow_gallery&quot;:[{&quot;id&quot;:48,&quot;url&quot;:&quot;https:\\\/\\\/mixnmatchpaint.com\\\/wp-content\\\/uploads\\\/2020\\\/12\\\/PREMIX-Just-White-1.jpg&quot;},{&quot;id&quot;:49,&quot;url&quot;:&quot;https:\\\/\\\/mixnmatchpaint.com\\\/wp-content\\\/uploads\\\/2020\\\/12\\\/PREMIX-Just-White-2.jpg&quot;},{&quot;id&quot;:50,&quot;url&quot;:&quot;https:\\\/\\\/mixnmatchpaint.com\\\/wp-content\\\/uploads\\\/2020\\\/12\\\/PREMIX-Must-Have-Blue-1.jpg&quot;},{&quot;id&quot;:51,&quot;url&quot;:&quot;https:\\\/\\\/mixnmatchpaint.com\\\/wp-content\\\/uploads\\\/2020\\\/12\\\/PREMIX-Must-Have-Blue-2.jpg&quot;}],&quot;background_slideshow_loop&quot;:&quot;yes&quot;,&quot;background_slideshow_slide_duration&quot;:5000,&quot;background_slideshow_slide_transition&quot;:&quot;fade&quot;,&quot;background_slideshow_transition_duration&quot;:500}\">\n\t\t\t\t\t\t\t<div class=\"elementor-background-overlay\"><\/div>\n\t\t\t\t\t\t\t<div class=\"elementor-container elementor-column-gap-default\">\n\t\t\t\t\t<div class=\"elementor-column elementor-col-50 elementor-top-column elementor-element elementor-element-f993a6d\" data-id=\"f993a6d\" data-element_type=\"column\">\n\t\t\t<div class=\"elementor-widget-wrap elementor-element-populated\">\n\t\t\t\t\t\t<div class=\"elementor-element elementor-element-2a604ff elementor-widget elementor-widget-heading\" data-id=\"2a604ff\" data-element_type=\"widget\" data-widget_type=\"heading.default\">\n\t\t\t\t<div class=\"elementor-widget-container\">\n\t\t\t\t\t<h1 class=\"elementor-heading-title elementor-size-default\">Choisir MIX &#038; MATCH<\/h1>\t\t\t\t<\/div>\n\t\t\t\t<\/div>\n\t\t\t\t\t<\/div>\n\t\t<\/div>\n\t\t\t\t<div class=\"elementor-column elementor-col-50 elementor-top-column elementor-element elementor-element-3531ec3\" data-id=\"3531ec3\" data-element_type=\"column\">\n\t\t\t<div class=\"elementor-widget-wrap\">\n\t\t\t\t\t\t\t<\/div>\n\t\t<\/div>\n\t\t\t\t\t<\/div>\n\t\t<\/section>\n\t\t\t\t<section class=\"elementor-section elementor-top-section elementor-element elementor-element-939ab0c elementor-section-boxed elementor-section-height-default elementor-section-height-default\" data-id=\"939ab0c\" data-element_type=\"section\">\n\t\t\t\t\t\t<div class=\"elementor-container elementor-column-gap-default\">\n\t\t\t\t\t<div class=\"elementor-column elementor-col-100 elementor-top-column elementor-element elementor-element-4f57b59\" data-id=\"4f57b59\" data-element_type=\"column\">\n\t\t\t<div class=\"elementor-widget-wrap elementor-element-populated\">\n\t\t\t\t\t\t<div class=\"elementor-element elementor-element-9cf9bc8 elementor-widget elementor-widget-spacer\" data-id=\"9cf9bc8\" data-element_type=\"widget\" data-widget_type=\"spacer.default\">\n\t\t\t\t<div class=\"elementor-widget-container\">\n\t\t\t\t\t\t\t<div class=\"elementor-spacer\">\n\t\t\t<div class=\"elementor-spacer-inner\"><\/div>\n\t\t<\/div>\n\t\t\t\t\t\t<\/div>\n\t\t\t\t<\/div>\n\t\t\t\t\t<\/div>\n\t\t<\/div>\n\t\t\t\t\t<\/div>\n\t\t<\/section>\n\t\t\t\t<section class=\"elementor-section elementor-top-section elementor-element elementor-element-335ab30 elementor-section-boxed elementor-section-height-default elementor-section-height-default\" data-id=\"335ab30\" data-element_type=\"section\">\n\t\t\t\t\t\t<div class=\"elementor-container elementor-column-gap-default\">\n\t\t\t\t\t<div class=\"elementor-column elementor-col-100 elementor-top-column elementor-element elementor-element-1e7559e\" data-id=\"1e7559e\" data-element_type=\"column\">\n\t\t\t<div class=\"elementor-widget-wrap elementor-element-populated\">\n\t\t\t\t\t\t<div class=\"elementor-element elementor-element-d845872 elementor-widget elementor-widget-heading\" data-id=\"d845872\" data-element_type=\"widget\" data-widget_type=\"heading.default\">\n\t\t\t\t<div class=\"elementor-widget-container\">\n\t\t\t\t\t<h2 class=\"elementor-heading-title elementor-size-medium\">MIX &amp; MATCH, la coloration simplifi\u00e9e   <\/h2>\t\t\t\t<\/div>\n\t\t\t\t<\/div>\n\t\t\t\t<div class=\"elementor-element elementor-element-99335d6 elementor-widget elementor-widget-text-editor\" data-id=\"99335d6\" data-element_type=\"widget\" data-widget_type=\"text-editor.default\">\n\t\t\t\t<div class=\"elementor-widget-container\">\n\t\t\t\t\t\t\t\t\t<p><span data-contrast=\"none\">Dans un monde qui regorge d\u2019options et de choix de couleurs de peinture il est facile de s\u2019y perdre et de laisser l\u2019ind\u00e9cision et l\u2019inqui\u00e9tude nous gagner.\u00a0<\/span>\u00a0<br \/><span data-ccp-props=\"{}\">\u00a0<\/span><\/p>\n<p><span data-contrast=\"none\">C\u2019est dans le but de simplifier le processus de s\u00e9lection couleur qu\u2019a pris naissance le concept de MIX &amp; Match.\u00a0 Notre palette a \u00e9t\u00e9 sp\u00e9cialement con\u00e7ue et calibr\u00e9e afin que toutes les couleurs s\u2019agencent harmonieusement entres elles, peu importe votre s\u00e9lection couleur.\u00a0<\/span>\u00a0<br \/>\u00a0<br \/><span data-contrast=\"none\">Cr\u00e9ez vos propres agencements de fa\u00e7on assur\u00e9e et en toute tranquillit\u00e9, que ce soit pour la cr\u00e9ation d\u2019une seule pi\u00e8ce ou un concept \u00e0 aire ouverte.\u00a0<\/span>\u00a0<br \/><span data-contrast=\"none\">Le concept de MIX &amp; Match nous ram\u00e8ne \u00e0 l\u2019essentiel de la s\u00e9lection couleur\u202f:\u00a0<br \/><\/span><br \/><span data-contrast=\"none\">La cr\u00e9ation<\/span><span data-contrast=\"none\">\u00a0<\/span><span data-contrast=\"none\">de votre d\u00e9cor\u00a0<\/span><span data-contrast=\"none\">personnalis\u00e9<\/span><span data-contrast=\"none\">,\u00a0<\/span><span data-contrast=\"none\">en toute simplicit\u00e9.<\/span><\/p>\n\t\t\t\t\t\t\t\t<\/div>\n\t\t\t\t<\/div>\n\t\t\t\t\t<\/div>\n\t\t<\/div>\n\t\t\t\t\t<\/div>\n\t\t<\/section>\n\t\t\t\t<section class=\"elementor-section elementor-top-section elementor-element elementor-element-26ff27e elementor-section-boxed elementor-section-height-default elementor-section-height-default\" data-id=\"26ff27e\" data-element_type=\"section\">\n\t\t\t\t\t\t<div class=\"elementor-container elementor-column-gap-default\">\n\t\t\t\t\t<div class=\"elementor-column elementor-col-100 elementor-top-column elementor-element elementor-element-f6d9b67\" data-id=\"f6d9b67\" data-element_type=\"column\">\n\t\t\t<div class=\"elementor-widget-wrap elementor-element-populated\">\n\t\t\t\t\t\t<div class=\"elementor-element elementor-element-c947d63 elementor-widget elementor-widget-spacer\" data-id=\"c947d63\" data-element_type=\"widget\" data-widget_type=\"spacer.default\">\n\t\t\t\t<div class=\"elementor-widget-container\">\n\t\t\t\t\t\t\t<div class=\"elementor-spacer\">\n\t\t\t<div class=\"elementor-spacer-inner\"><\/div>\n\t\t<\/div>\n\t\t\t\t\t\t<\/div>\n\t\t\t\t<\/div>\n\t\t\t\t\t<\/div>\n\t\t<\/div>\n\t\t\t\t\t<\/div>\n\t\t<\/section>\n\t\t\t\t<\/div>\n\t\t<section id=\"easyCookie\" class=\"ec-fixed  ec-icon ec-black  ec-double-btn\" data-expiresdays=\"180\">\n\t\t<div>\n\t\t\t<div class=\"ec-infos\">\n\t\t\t\tLe site web mixnmatchpaint.com utilise des t\u00e9moins de connexion (cookies) pour am\u00e9liorer votre exp\u00e9rience lorsque vous naviguez sur le site. Nous vous prions de bien vouloir prendre connaissance des pr\u00e9sentes modalit\u00e9s avant d\u2019utiliser le site web ou les services qu\u2019il offre. \/\/ We use cookies to ensure that we give you the best experience. If you continue using this website, we'll assume that you are happy about that.\n\t\t\t<\/div>\n\t\t\t<div class=\"ec-btns\">\n\t\t\t\t<a href=\"#\" class=\"ec-accept\">J'accepte \/\/ Accept<\/a>\n\t\t\t\t<a href=\"https:\/\/mixnmatchpaint.com\/fr-ca\/politique-de-confidentialite-et-conditions-dutilisation\/\" class=\"ec-empty\">Voir plus \/\/ View More<\/a>\n\t\t\t<\/div>\n\t\t<\/div>\n\t<\/section>","protected":false},"excerpt":{"rendered":"<p>MIX &#038; MATCH, la coloration simplifi\u00e9e Dans un monde qui regorge d\u2019options et de choix de couleurs de peinture il est facile de s\u2019y perdre et de laisser l\u2019ind\u00e9cision et l\u2019inqui\u00e9tude nous gagner.\u00a0\u00a0\u00a0 C\u2019est dans le but de simplifier le processus de s\u00e9lection couleur qu\u2019a pris naissance le concept de MIX &amp; Match.\u00a0 Notre palette [&hellip;]<\/p>\n","protected":false},"author":2,"featured_media":0,"parent":0,"menu_order":0,"comment_status":"closed","ping_status":"closed","template":"","meta":{"_acf_changed":false,"footnotes":""},"class_list":["post-1851","page","type-page","status-publish","hentry"],"acf":[],"yoast_head":"<!-- This site is optimized with the Yoast SEO plugin v26.6 - https:\/\/yoast.com\/wordpress\/plugins\/seo\/ -->\n<title>Choisir MIX &amp; MATCH - Mix n&#039;Match Paint by Laurentide<\/title>\n<meta name=\"robots\" content=\"index, follow, max-snippet:-1, max-image-preview:large, max-video-preview:-1\" \/>\n<link rel=\"canonical\" href=\"https:\/\/mixnmatchpaint.com\/fr-ca\/choisir-mix-n-match\/\" \/>\n<meta property=\"og:locale\" content=\"fr_CA\" \/>\n<meta property=\"og:type\" content=\"article\" \/>\n<meta property=\"og:title\" content=\"Choisir MIX &amp; MATCH - Mix n&#039;Match Paint by Laurentide\" \/>\n<meta property=\"og:description\" content=\"MIX &#038; MATCH, la coloration simplifi\u00e9e Dans un monde qui regorge d\u2019options et de choix de couleurs de peinture il est facile de s\u2019y perdre et de laisser l\u2019ind\u00e9cision et l\u2019inqui\u00e9tude nous gagner.\u00a0\u00a0\u00a0 C\u2019est dans le but de simplifier le processus de s\u00e9lection couleur qu\u2019a pris naissance le concept de MIX &amp; Match.\u00a0 Notre palette [&hellip;]\" \/>\n<meta property=\"og:url\" content=\"https:\/\/mixnmatchpaint.com\/fr-ca\/choisir-mix-n-match\/\" \/>\n<meta property=\"og:site_name\" content=\"Mix n&#039;Match Paint by Laurentide\" \/>\n<meta property=\"article:modified_time\" content=\"2021-02-22T15:04:22+00:00\" \/>\n<meta name=\"twitter:card\" content=\"summary_large_image\" \/>\n<meta name=\"twitter:label1\" content=\"Estimation du temps de lecture\" \/>\n\t<meta name=\"twitter:data1\" content=\"1 minute\" \/>\n<script type=\"application\/ld+json\" class=\"yoast-schema-graph\">{\"@context\":\"https:\/\/schema.org\",\"@graph\":[{\"@type\":\"WebPage\",\"@id\":\"https:\/\/mixnmatchpaint.com\/fr-ca\/choisir-mix-n-match\/\",\"url\":\"https:\/\/mixnmatchpaint.com\/fr-ca\/choisir-mix-n-match\/\",\"name\":\"Choisir MIX & MATCH - Mix n&#039;Match Paint by Laurentide\",\"isPartOf\":{\"@id\":\"https:\/\/mixnmatchpaint.com\/fr-ca\/#website\"},\"datePublished\":\"2021-01-07T16:26:52+00:00\",\"dateModified\":\"2021-02-22T15:04:22+00:00\",\"breadcrumb\":{\"@id\":\"https:\/\/mixnmatchpaint.com\/fr-ca\/choisir-mix-n-match\/#breadcrumb\"},\"inLanguage\":\"fr-CA\",\"potentialAction\":[{\"@type\":\"ReadAction\",\"target\":[\"https:\/\/mixnmatchpaint.com\/fr-ca\/choisir-mix-n-match\/\"]}]},{\"@type\":\"BreadcrumbList\",\"@id\":\"https:\/\/mixnmatchpaint.com\/fr-ca\/choisir-mix-n-match\/#breadcrumb\",\"itemListElement\":[{\"@type\":\"ListItem\",\"position\":1,\"name\":\"Home\",\"item\":\"https:\/\/mixnmatchpaint.com\/fr-ca\/\"},{\"@type\":\"ListItem\",\"position\":2,\"name\":\"Choisir MIX &#038; MATCH\"}]},{\"@type\":\"WebSite\",\"@id\":\"https:\/\/mixnmatchpaint.com\/fr-ca\/#website\",\"url\":\"https:\/\/mixnmatchpaint.com\/fr-ca\/\",\"name\":\"Mix n&#039;Match Paint by Laurentide\",\"description\":\"Pre-mixed Color Collection\",\"publisher\":{\"@id\":\"https:\/\/mixnmatchpaint.com\/fr-ca\/#organization\"},\"potentialAction\":[{\"@type\":\"SearchAction\",\"target\":{\"@type\":\"EntryPoint\",\"urlTemplate\":\"https:\/\/mixnmatchpaint.com\/fr-ca\/?s={search_term_string}\"},\"query-input\":{\"@type\":\"PropertyValueSpecification\",\"valueRequired\":true,\"valueName\":\"search_term_string\"}}],\"inLanguage\":\"fr-CA\"},{\"@type\":\"Organization\",\"@id\":\"https:\/\/mixnmatchpaint.com\/fr-ca\/#organization\",\"name\":\"Mix n'Match paint by Laurentide\",\"url\":\"https:\/\/mixnmatchpaint.com\/fr-ca\/\",\"logo\":{\"@type\":\"ImageObject\",\"inLanguage\":\"fr-CA\",\"@id\":\"https:\/\/mixnmatchpaint.com\/fr-ca\/#\/schema\/logo\/image\/\",\"url\":\"https:\/\/mixnmatchpaint.com\/wp-content\/uploads\/2020\/12\/mixnmatch_logo-us-en.png\",\"contentUrl\":\"https:\/\/mixnmatchpaint.com\/wp-content\/uploads\/2020\/12\/mixnmatch_logo-us-en.png\",\"width\":1000,\"height\":150,\"caption\":\"Mix n'Match paint by Laurentide\"},\"image\":{\"@id\":\"https:\/\/mixnmatchpaint.com\/fr-ca\/#\/schema\/logo\/image\/\"}}]}<\/script>\n<!-- \/ Yoast SEO plugin. -->","yoast_head_json":{"title":"Choisir MIX & MATCH - Mix n&#039;Match Paint by Laurentide","robots":{"index":"index","follow":"follow","max-snippet":"max-snippet:-1","max-image-preview":"max-image-preview:large","max-video-preview":"max-video-preview:-1"},"canonical":"https:\/\/mixnmatchpaint.com\/fr-ca\/choisir-mix-n-match\/","og_locale":"fr_CA","og_type":"article","og_title":"Choisir MIX & MATCH - Mix n&#039;Match Paint by Laurentide","og_description":"MIX &#038; MATCH, la coloration simplifi\u00e9e Dans un monde qui regorge d\u2019options et de choix de couleurs de peinture il est facile de s\u2019y perdre et de laisser l\u2019ind\u00e9cision et l\u2019inqui\u00e9tude nous gagner.\u00a0\u00a0\u00a0 C\u2019est dans le but de simplifier le processus de s\u00e9lection couleur qu\u2019a pris naissance le concept de MIX &amp; Match.\u00a0 Notre palette [&hellip;]","og_url":"https:\/\/mixnmatchpaint.com\/fr-ca\/choisir-mix-n-match\/","og_site_name":"Mix n&#039;Match Paint by Laurentide","article_modified_time":"2021-02-22T15:04:22+00:00","twitter_card":"summary_large_image","twitter_misc":{"Estimation du temps de lecture":"1 minute"},"schema":{"@context":"https:\/\/schema.org","@graph":[{"@type":"WebPage","@id":"https:\/\/mixnmatchpaint.com\/fr-ca\/choisir-mix-n-match\/","url":"https:\/\/mixnmatchpaint.com\/fr-ca\/choisir-mix-n-match\/","name":"Choisir MIX & MATCH - Mix n&#039;Match Paint by Laurentide","isPartOf":{"@id":"https:\/\/mixnmatchpaint.com\/fr-ca\/#website"},"datePublished":"2021-01-07T16:26:52+00:00","dateModified":"2021-02-22T15:04:22+00:00","breadcrumb":{"@id":"https:\/\/mixnmatchpaint.com\/fr-ca\/choisir-mix-n-match\/#breadcrumb"},"inLanguage":"fr-CA","potentialAction":[{"@type":"ReadAction","target":["https:\/\/mixnmatchpaint.com\/fr-ca\/choisir-mix-n-match\/"]}]},{"@type":"BreadcrumbList","@id":"https:\/\/mixnmatchpaint.com\/fr-ca\/choisir-mix-n-match\/#breadcrumb","itemListElement":[{"@type":"ListItem","position":1,"name":"Home","item":"https:\/\/mixnmatchpaint.com\/fr-ca\/"},{"@type":"ListItem","position":2,"name":"Choisir MIX &#038; MATCH"}]},{"@type":"WebSite","@id":"https:\/\/mixnmatchpaint.com\/fr-ca\/#website","url":"https:\/\/mixnmatchpaint.com\/fr-ca\/","name":"Mix n&#039;Match Paint by Laurentide","description":"Pre-mixed Color Collection","publisher":{"@id":"https:\/\/mixnmatchpaint.com\/fr-ca\/#organization"},"potentialAction":[{"@type":"SearchAction","target":{"@type":"EntryPoint","urlTemplate":"https:\/\/mixnmatchpaint.com\/fr-ca\/?s={search_term_string}"},"query-input":{"@type":"PropertyValueSpecification","valueRequired":true,"valueName":"search_term_string"}}],"inLanguage":"fr-CA"},{"@type":"Organization","@id":"https:\/\/mixnmatchpaint.com\/fr-ca\/#organization","name":"Mix n'Match paint by Laurentide","url":"https:\/\/mixnmatchpaint.com\/fr-ca\/","logo":{"@type":"ImageObject","inLanguage":"fr-CA","@id":"https:\/\/mixnmatchpaint.com\/fr-ca\/#\/schema\/logo\/image\/","url":"https:\/\/mixnmatchpaint.com\/wp-content\/uploads\/2020\/12\/mixnmatch_logo-us-en.png","contentUrl":"https:\/\/mixnmatchpaint.com\/wp-content\/uploads\/2020\/12\/mixnmatch_logo-us-en.png","width":1000,"height":150,"caption":"Mix n'Match paint by Laurentide"},"image":{"@id":"https:\/\/mixnmatchpaint.com\/fr-ca\/#\/schema\/logo\/image\/"}}]}},"_links":{"self":[{"href":"https:\/\/mixnmatchpaint.com\/fr-ca\/wp-json\/wp\/v2\/pages\/1851","targetHints":{"allow":["GET"]}}],"collection":[{"href":"https:\/\/mixnmatchpaint.com\/fr-ca\/wp-json\/wp\/v2\/pages"}],"about":[{"href":"https:\/\/mixnmatchpaint.com\/fr-ca\/wp-json\/wp\/v2\/types\/page"}],"author":[{"embeddable":true,"href":"https:\/\/mixnmatchpaint.com\/fr-ca\/wp-json\/wp\/v2\/users\/2"}],"replies":[{"embeddable":true,"href":"https:\/\/mixnmatchpaint.com\/fr-ca\/wp-json\/wp\/v2\/comments?post=1851"}],"version-history":[{"count":0,"href":"https:\/\/mixnmatchpaint.com\/fr-ca\/wp-json\/wp\/v2\/pages\/1851\/revisions"}],"wp:attachment":[{"href":"https:\/\/mixnmatchpaint.com\/fr-ca\/wp-json\/wp\/v2\/media?parent=1851"}],"curies":[{"name":"wp","href":"https:\/\/api.w.org\/{rel}","templated":true}]}}