{"id":1612,"date":"2020-12-20T18:28:37","date_gmt":"2020-12-20T18:28:37","guid":{"rendered":"https:\/\/mixnmatchpaint.com\/product\/vibrant-red\/"},"modified":"2021-02-15T00:58:22","modified_gmt":"2021-02-15T00:58:22","slug":"vibrant-red","status":"publish","type":"product","link":"https:\/\/mixnmatchpaint.com\/en-ca\/product\/vibrant-red\/","title":{"rendered":"Vibrant Red"},"content":{"rendered":"<section id=\"easyCookie\" class=\"ec-fixed  ec-icon ec-black  ec-double-btn\" data-expiresdays=\"180\">\n\t\t<div>\n\t\t\t<div class=\"ec-infos\">\n\t\t\t\tLe site web mixnmatchpaint.com utilise des t\u00e9moins de connexion (cookies) pour am\u00e9liorer votre exp\u00e9rience lorsque vous naviguez sur le site. Nous vous prions de bien vouloir prendre connaissance des pr\u00e9sentes modalit\u00e9s avant d\u2019utiliser le site web ou les services qu\u2019il offre. \/\/ We use cookies to ensure that we give you the best experience. If you continue using this website, we'll assume that you are happy about that.\n\t\t\t<\/div>\n\t\t\t<div class=\"ec-btns\">\n\t\t\t\t<a href=\"#\" class=\"ec-accept\">J'accepte \/\/ Accept<\/a>\n\t\t\t\t<a href=\"https:\/\/mixnmatchpaint.com\/fr-ca\/politique-de-confidentialite-et-conditions-dutilisation\/\" class=\"ec-empty\">Voir plus \/\/ View More<\/a>\n\t\t\t<\/div>\n\t\t<\/div>\n\t<\/section>","protected":false},"excerpt":{"rendered":"<div class=\"page\" title=\"Page 10\">\n<div class=\"layoutArea\">\n<div class=\"column\">\n<p>Strong, powerful, yet very accessible, our Vibrant Red is the perfect addition to any decor with a spirited twist. NCS Code : S 2070-R<\/p>\n<\/div>\n<\/div>\n<\/div>\n","protected":false},"featured_media":2390,"comment_status":"open","ping_status":"closed","template":"","meta":{"_acf_changed":false},"product_brand":[],"product_cat":[41,40],"product_tag":[],"class_list":{"0":"post-1612","1":"product","2":"type-product","3":"status-publish","4":"has-post-thumbnail","6":"product_cat-deco-en-ca","7":"product_cat-eggshell-finish-en-ca","9":"first","10":"instock","11":"shipping-taxable","12":"product-type-external"},"acf":[],"yoast_head":"<!-- This site is optimized with the Yoast SEO plugin v26.6 - https:\/\/yoast.com\/wordpress\/plugins\/seo\/ -->\n<title>Vibrant Red - MIX N&#039; MATCH Colour Collection by Laurentide Paint<\/title>\n<meta name=\"description\" content=\"Strong, powerful, yet very accessible, our Vibrant Red is the perfect addition to any decor with a spirited twist.\" \/>\n<meta name=\"robots\" content=\"index, follow, max-snippet:-1, max-image-preview:large, max-video-preview:-1\" \/>\n<link rel=\"canonical\" href=\"https:\/\/mixnmatchpaint.com\/en-ca\/product\/vibrant-red\/\" \/>\n<meta property=\"og:locale\" content=\"en_US\" \/>\n<meta property=\"og:type\" content=\"article\" \/>\n<meta property=\"og:title\" content=\"Vibrant Red - MIX N&#039; MATCH Colour Collection by Laurentide Paint\" \/>\n<meta property=\"og:description\" content=\"Strong, powerful, yet very accessible, our Vibrant Red is the perfect addition to any decor with a spirited twist.\" \/>\n<meta property=\"og:url\" content=\"https:\/\/mixnmatchpaint.com\/en-ca\/product\/vibrant-red\/\" \/>\n<meta property=\"og:site_name\" content=\"Mix n&#039;Match Paint by Laurentide\" \/>\n<meta property=\"article:modified_time\" content=\"2021-02-15T00:58:22+00:00\" \/>\n<meta property=\"og:image\" content=\"https:\/\/mixnmatchpaint.com\/wp-content\/uploads\/2020\/12\/AMAZON_CANang_1810-030AC_VibrantRed-VF-1.png\" \/>\n\t<meta property=\"og:image:width\" content=\"2093\" \/>\n\t<meta property=\"og:image:height\" content=\"2012\" \/>\n\t<meta property=\"og:image:type\" content=\"image\/png\" \/>\n<meta name=\"twitter:card\" content=\"summary_large_image\" \/>\n<script type=\"application\/ld+json\" class=\"yoast-schema-graph\">{\"@context\":\"https:\/\/schema.org\",\"@graph\":[{\"@type\":\"WebPage\",\"@id\":\"https:\/\/mixnmatchpaint.com\/en-ca\/product\/vibrant-red\/\",\"url\":\"https:\/\/mixnmatchpaint.com\/en-ca\/product\/vibrant-red\/\",\"name\":\"Vibrant Red - MIX N' MATCH Colour Collection by Laurentide Paint\",\"isPartOf\":{\"@id\":\"https:\/\/mixnmatchpaint.com\/en-ca\/#website\"},\"primaryImageOfPage\":{\"@id\":\"https:\/\/mixnmatchpaint.com\/en-ca\/product\/vibrant-red\/#primaryimage\"},\"image\":{\"@id\":\"https:\/\/mixnmatchpaint.com\/en-ca\/product\/vibrant-red\/#primaryimage\"},\"thumbnailUrl\":\"https:\/\/mixnmatchpaint.com\/wp-content\/uploads\/2020\/12\/AMAZON_CANang_1810-030AC_VibrantRed-VF-1.png\",\"datePublished\":\"2020-12-20T18:28:37+00:00\",\"dateModified\":\"2021-02-15T00:58:22+00:00\",\"description\":\"Strong, powerful, yet very accessible, our Vibrant Red is the perfect addition to any decor with a spirited twist.\",\"breadcrumb\":{\"@id\":\"https:\/\/mixnmatchpaint.com\/en-ca\/product\/vibrant-red\/#breadcrumb\"},\"inLanguage\":\"en-CA\",\"potentialAction\":[{\"@type\":\"ReadAction\",\"target\":[\"https:\/\/mixnmatchpaint.com\/en-ca\/product\/vibrant-red\/\"]}]},{\"@type\":\"ImageObject\",\"inLanguage\":\"en-CA\",\"@id\":\"https:\/\/mixnmatchpaint.com\/en-ca\/product\/vibrant-red\/#primaryimage\",\"url\":\"https:\/\/mixnmatchpaint.com\/wp-content\/uploads\/2020\/12\/AMAZON_CANang_1810-030AC_VibrantRed-VF-1.png\",\"contentUrl\":\"https:\/\/mixnmatchpaint.com\/wp-content\/uploads\/2020\/12\/AMAZON_CANang_1810-030AC_VibrantRed-VF-1.png\",\"width\":2093,\"height\":2012},{\"@type\":\"BreadcrumbList\",\"@id\":\"https:\/\/mixnmatchpaint.com\/en-ca\/product\/vibrant-red\/#breadcrumb\",\"itemListElement\":[{\"@type\":\"ListItem\",\"position\":1,\"name\":\"Home\",\"item\":\"https:\/\/mixnmatchpaint.com\/en-ca\/\"},{\"@type\":\"ListItem\",\"position\":2,\"name\":\"Shop\",\"item\":\"https:\/\/mixnmatchpaint.com\/?page_id=1540\"},{\"@type\":\"ListItem\",\"position\":3,\"name\":\"Vibrant Red\"}]},{\"@type\":\"WebSite\",\"@id\":\"https:\/\/mixnmatchpaint.com\/en-ca\/#website\",\"url\":\"https:\/\/mixnmatchpaint.com\/en-ca\/\",\"name\":\"Mix n&#039;Match Paint by Laurentide\",\"description\":\"Pre-mixed Color Collection\",\"publisher\":{\"@id\":\"https:\/\/mixnmatchpaint.com\/en-ca\/#organization\"},\"potentialAction\":[{\"@type\":\"SearchAction\",\"target\":{\"@type\":\"EntryPoint\",\"urlTemplate\":\"https:\/\/mixnmatchpaint.com\/en-ca\/?s={search_term_string}\"},\"query-input\":{\"@type\":\"PropertyValueSpecification\",\"valueRequired\":true,\"valueName\":\"search_term_string\"}}],\"inLanguage\":\"en-CA\"},{\"@type\":\"Organization\",\"@id\":\"https:\/\/mixnmatchpaint.com\/en-ca\/#organization\",\"name\":\"Mix n'Match paint by Laurentide\",\"url\":\"https:\/\/mixnmatchpaint.com\/en-ca\/\",\"logo\":{\"@type\":\"ImageObject\",\"inLanguage\":\"en-CA\",\"@id\":\"https:\/\/mixnmatchpaint.com\/en-ca\/#\/schema\/logo\/image\/\",\"url\":\"https:\/\/mixnmatchpaint.com\/wp-content\/uploads\/2020\/12\/mixnmatch_logo-us-en.png\",\"contentUrl\":\"https:\/\/mixnmatchpaint.com\/wp-content\/uploads\/2020\/12\/mixnmatch_logo-us-en.png\",\"width\":1000,\"height\":150,\"caption\":\"Mix n'Match paint by Laurentide\"},\"image\":{\"@id\":\"https:\/\/mixnmatchpaint.com\/en-ca\/#\/schema\/logo\/image\/\"}}]}<\/script>\n<!-- \/ Yoast SEO plugin. -->","yoast_head_json":{"title":"Vibrant Red - MIX N' MATCH Colour Collection by Laurentide Paint","description":"Strong, powerful, yet very accessible, our Vibrant Red is the perfect addition to any decor with a spirited twist.","robots":{"index":"index","follow":"follow","max-snippet":"max-snippet:-1","max-image-preview":"max-image-preview:large","max-video-preview":"max-video-preview:-1"},"canonical":"https:\/\/mixnmatchpaint.com\/en-ca\/product\/vibrant-red\/","og_locale":"en_US","og_type":"article","og_title":"Vibrant Red - MIX N' MATCH Colour Collection by Laurentide Paint","og_description":"Strong, powerful, yet very accessible, our Vibrant Red is the perfect addition to any decor with a spirited twist.","og_url":"https:\/\/mixnmatchpaint.com\/en-ca\/product\/vibrant-red\/","og_site_name":"Mix n&#039;Match Paint by Laurentide","article_modified_time":"2021-02-15T00:58:22+00:00","og_image":[{"width":2093,"height":2012,"url":"https:\/\/mixnmatchpaint.com\/wp-content\/uploads\/2020\/12\/AMAZON_CANang_1810-030AC_VibrantRed-VF-1.png","type":"image\/png"}],"twitter_card":"summary_large_image","schema":{"@context":"https:\/\/schema.org","@graph":[{"@type":"WebPage","@id":"https:\/\/mixnmatchpaint.com\/en-ca\/product\/vibrant-red\/","url":"https:\/\/mixnmatchpaint.com\/en-ca\/product\/vibrant-red\/","name":"Vibrant Red - MIX N' MATCH Colour Collection by Laurentide Paint","isPartOf":{"@id":"https:\/\/mixnmatchpaint.com\/en-ca\/#website"},"primaryImageOfPage":{"@id":"https:\/\/mixnmatchpaint.com\/en-ca\/product\/vibrant-red\/#primaryimage"},"image":{"@id":"https:\/\/mixnmatchpaint.com\/en-ca\/product\/vibrant-red\/#primaryimage"},"thumbnailUrl":"https:\/\/mixnmatchpaint.com\/wp-content\/uploads\/2020\/12\/AMAZON_CANang_1810-030AC_VibrantRed-VF-1.png","datePublished":"2020-12-20T18:28:37+00:00","dateModified":"2021-02-15T00:58:22+00:00","description":"Strong, powerful, yet very accessible, our Vibrant Red is the perfect addition to any decor with a spirited twist.","breadcrumb":{"@id":"https:\/\/mixnmatchpaint.com\/en-ca\/product\/vibrant-red\/#breadcrumb"},"inLanguage":"en-CA","potentialAction":[{"@type":"ReadAction","target":["https:\/\/mixnmatchpaint.com\/en-ca\/product\/vibrant-red\/"]}]},{"@type":"ImageObject","inLanguage":"en-CA","@id":"https:\/\/mixnmatchpaint.com\/en-ca\/product\/vibrant-red\/#primaryimage","url":"https:\/\/mixnmatchpaint.com\/wp-content\/uploads\/2020\/12\/AMAZON_CANang_1810-030AC_VibrantRed-VF-1.png","contentUrl":"https:\/\/mixnmatchpaint.com\/wp-content\/uploads\/2020\/12\/AMAZON_CANang_1810-030AC_VibrantRed-VF-1.png","width":2093,"height":2012},{"@type":"BreadcrumbList","@id":"https:\/\/mixnmatchpaint.com\/en-ca\/product\/vibrant-red\/#breadcrumb","itemListElement":[{"@type":"ListItem","position":1,"name":"Home","item":"https:\/\/mixnmatchpaint.com\/en-ca\/"},{"@type":"ListItem","position":2,"name":"Shop","item":"https:\/\/mixnmatchpaint.com\/?page_id=1540"},{"@type":"ListItem","position":3,"name":"Vibrant Red"}]},{"@type":"WebSite","@id":"https:\/\/mixnmatchpaint.com\/en-ca\/#website","url":"https:\/\/mixnmatchpaint.com\/en-ca\/","name":"Mix n&#039;Match Paint by Laurentide","description":"Pre-mixed Color Collection","publisher":{"@id":"https:\/\/mixnmatchpaint.com\/en-ca\/#organization"},"potentialAction":[{"@type":"SearchAction","target":{"@type":"EntryPoint","urlTemplate":"https:\/\/mixnmatchpaint.com\/en-ca\/?s={search_term_string}"},"query-input":{"@type":"PropertyValueSpecification","valueRequired":true,"valueName":"search_term_string"}}],"inLanguage":"en-CA"},{"@type":"Organization","@id":"https:\/\/mixnmatchpaint.com\/en-ca\/#organization","name":"Mix n'Match paint by Laurentide","url":"https:\/\/mixnmatchpaint.com\/en-ca\/","logo":{"@type":"ImageObject","inLanguage":"en-CA","@id":"https:\/\/mixnmatchpaint.com\/en-ca\/#\/schema\/logo\/image\/","url":"https:\/\/mixnmatchpaint.com\/wp-content\/uploads\/2020\/12\/mixnmatch_logo-us-en.png","contentUrl":"https:\/\/mixnmatchpaint.com\/wp-content\/uploads\/2020\/12\/mixnmatch_logo-us-en.png","width":1000,"height":150,"caption":"Mix n'Match paint by Laurentide"},"image":{"@id":"https:\/\/mixnmatchpaint.com\/en-ca\/#\/schema\/logo\/image\/"}}]}},"_links":{"self":[{"href":"https:\/\/mixnmatchpaint.com\/en-ca\/wp-json\/wp\/v2\/product\/1612","targetHints":{"allow":["GET"]}}],"collection":[{"href":"https:\/\/mixnmatchpaint.com\/en-ca\/wp-json\/wp\/v2\/product"}],"about":[{"href":"https:\/\/mixnmatchpaint.com\/en-ca\/wp-json\/wp\/v2\/types\/product"}],"replies":[{"embeddable":true,"href":"https:\/\/mixnmatchpaint.com\/en-ca\/wp-json\/wp\/v2\/comments?post=1612"}],"wp:featuredmedia":[{"embeddable":true,"href":"https:\/\/mixnmatchpaint.com\/en-ca\/wp-json\/wp\/v2\/media\/2390"}],"wp:attachment":[{"href":"https:\/\/mixnmatchpaint.com\/en-ca\/wp-json\/wp\/v2\/media?parent=1612"}],"wp:term":[{"taxonomy":"product_brand","embeddable":true,"href":"https:\/\/mixnmatchpaint.com\/en-ca\/wp-json\/wp\/v2\/product_brand?post=1612"},{"taxonomy":"product_cat","embeddable":true,"href":"https:\/\/mixnmatchpaint.com\/en-ca\/wp-json\/wp\/v2\/product_cat?post=1612"},{"taxonomy":"product_tag","embeddable":true,"href":"https:\/\/mixnmatchpaint.com\/en-ca\/wp-json\/wp\/v2\/product_tag?post=1612"}],"curies":[{"name":"wp","href":"https:\/\/api.w.org\/{rel}","templated":true}]}}