{"id":2836,"date":"2022-07-22T15:41:08","date_gmt":"2022-07-22T15:41:08","guid":{"rendered":"https:\/\/mixnmatchpaint.com\/?page_id=2836"},"modified":"2022-07-22T15:49:11","modified_gmt":"2022-07-22T15:49:11","slug":"ceiling-flat","status":"publish","type":"page","link":"https:\/\/mixnmatchpaint.com\/en-ca\/ceiling-flat\/","title":{"rendered":"Ceiling Flat"},"content":{"rendered":"\t\t<div data-elementor-type=\"wp-page\" data-elementor-id=\"2836\" class=\"elementor elementor-2836\" data-elementor-post-type=\"page\">\n\t\t\t\t\t\t<section class=\"elementor-section elementor-top-section elementor-element elementor-element-c3d2966 elementor-section-content-middle elementor-section-boxed elementor-section-height-default elementor-section-height-default\" data-id=\"c3d2966\" data-element_type=\"section\" data-e-type=\"section\" data-settings=\"{&quot;background_background&quot;:&quot;slideshow&quot;,&quot;background_slideshow_gallery&quot;:[{&quot;id&quot;:2878,&quot;url&quot;:&quot;https:\\\/\\\/mixnmatchpaint.com\\\/wp-content\\\/uploads\\\/2022\\\/07\\\/AdobeStock_109100243-scaled.jpeg&quot;}],&quot;background_slideshow_loop&quot;:&quot;yes&quot;,&quot;background_slideshow_slide_duration&quot;:5000,&quot;background_slideshow_slide_transition&quot;:&quot;fade&quot;,&quot;background_slideshow_transition_duration&quot;:500}\">\n\t\t\t\t\t\t\t<div class=\"elementor-background-overlay\"><\/div>\n\t\t\t\t\t\t\t<div class=\"elementor-container elementor-column-gap-default\">\n\t\t\t\t\t<div class=\"elementor-column elementor-col-50 elementor-top-column elementor-element elementor-element-f993a6d\" data-id=\"f993a6d\" data-element_type=\"column\" data-e-type=\"column\">\n\t\t\t<div class=\"elementor-widget-wrap elementor-element-populated\">\n\t\t\t\t\t\t<div class=\"elementor-element elementor-element-2a604ff elementor-widget elementor-widget-heading\" data-id=\"2a604ff\" data-element_type=\"widget\" data-e-type=\"widget\" data-widget_type=\"heading.default\">\n\t\t\t\t<div class=\"elementor-widget-container\">\n\t\t\t\t\t<h1 class=\"elementor-heading-title elementor-size-default\">Ceiling Flat<\/h1>\t\t\t\t<\/div>\n\t\t\t\t<\/div>\n\t\t\t\t\t<\/div>\n\t\t<\/div>\n\t\t\t\t<div class=\"elementor-column elementor-col-50 elementor-top-column elementor-element elementor-element-3531ec3\" data-id=\"3531ec3\" data-element_type=\"column\" data-e-type=\"column\">\n\t\t\t<div class=\"elementor-widget-wrap\">\n\t\t\t\t\t\t\t<\/div>\n\t\t<\/div>\n\t\t\t\t\t<\/div>\n\t\t<\/section>\n\t\t\t\t<section class=\"elementor-section elementor-top-section elementor-element elementor-element-939ab0c elementor-section-boxed elementor-section-height-default elementor-section-height-default\" data-id=\"939ab0c\" data-element_type=\"section\" data-e-type=\"section\">\n\t\t\t\t\t\t<div class=\"elementor-container elementor-column-gap-default\">\n\t\t\t\t\t<div class=\"elementor-column elementor-col-100 elementor-top-column elementor-element elementor-element-4f57b59\" data-id=\"4f57b59\" data-element_type=\"column\" data-e-type=\"column\">\n\t\t\t<div class=\"elementor-widget-wrap elementor-element-populated\">\n\t\t\t\t\t\t<div class=\"elementor-element elementor-element-9cf9bc8 elementor-widget elementor-widget-spacer\" data-id=\"9cf9bc8\" data-element_type=\"widget\" data-e-type=\"widget\" data-widget_type=\"spacer.default\">\n\t\t\t\t<div class=\"elementor-widget-container\">\n\t\t\t\t\t\t\t<div class=\"elementor-spacer\">\n\t\t\t<div class=\"elementor-spacer-inner\"><\/div>\n\t\t<\/div>\n\t\t\t\t\t\t<\/div>\n\t\t\t\t<\/div>\n\t\t\t\t\t<\/div>\n\t\t<\/div>\n\t\t\t\t\t<\/div>\n\t\t<\/section>\n\t\t\t\t<section class=\"elementor-section elementor-top-section elementor-element elementor-element-7f35398 elementor-section-boxed elementor-section-height-default elementor-section-height-default\" data-id=\"7f35398\" data-element_type=\"section\" data-e-type=\"section\">\n\t\t\t\t\t\t<div class=\"elementor-container elementor-column-gap-default\">\n\t\t\t\t\t<div class=\"elementor-column elementor-col-33 elementor-top-column elementor-element elementor-element-f77928d\" data-id=\"f77928d\" data-element_type=\"column\" data-e-type=\"column\">\n\t\t\t<div class=\"elementor-widget-wrap elementor-element-populated\">\n\t\t\t\t\t\t<div class=\"elementor-element elementor-element-d71f924 elementor-widget elementor-widget-image\" data-id=\"d71f924\" data-element_type=\"widget\" data-e-type=\"widget\" data-widget_type=\"image.default\">\n\t\t\t\t<div class=\"elementor-widget-container\">\n\t\t\t\t\t\t\t\t\t\t\t\t\t\t\t<img fetchpriority=\"high\" decoding=\"async\" width=\"800\" height=\"769\" src=\"https:\/\/mixnmatchpaint.com\/wp-content\/uploads\/2022\/06\/AMAZON_US_1870-032A_CeilingSparklingWhite-VFX-1024x984.png\" class=\"attachment-large size-large wp-image-2844\" alt=\"\" srcset=\"https:\/\/mixnmatchpaint.com\/wp-content\/uploads\/2022\/06\/AMAZON_US_1870-032A_CeilingSparklingWhite-VFX-1024x984.png 1024w, https:\/\/mixnmatchpaint.com\/wp-content\/uploads\/2022\/06\/AMAZON_US_1870-032A_CeilingSparklingWhite-VFX-300x288.png 300w, https:\/\/mixnmatchpaint.com\/wp-content\/uploads\/2022\/06\/AMAZON_US_1870-032A_CeilingSparklingWhite-VFX-768x738.png 768w, https:\/\/mixnmatchpaint.com\/wp-content\/uploads\/2022\/06\/AMAZON_US_1870-032A_CeilingSparklingWhite-VFX-1536x1477.png 1536w, https:\/\/mixnmatchpaint.com\/wp-content\/uploads\/2022\/06\/AMAZON_US_1870-032A_CeilingSparklingWhite-VFX-2048x1969.png 2048w, https:\/\/mixnmatchpaint.com\/wp-content\/uploads\/2022\/06\/AMAZON_US_1870-032A_CeilingSparklingWhite-VFX-600x577.png 600w\" sizes=\"(max-width: 800px) 100vw, 800px\" \/>\t\t\t\t\t\t\t\t\t\t\t\t\t\t\t<\/div>\n\t\t\t\t<\/div>\n\t\t\t\t\t<\/div>\n\t\t<\/div>\n\t\t\t\t<div class=\"elementor-column elementor-col-66 elementor-top-column elementor-element elementor-element-5685d7b\" data-id=\"5685d7b\" data-element_type=\"column\" data-e-type=\"column\">\n\t\t\t<div class=\"elementor-widget-wrap elementor-element-populated\">\n\t\t\t\t\t\t<div class=\"elementor-element elementor-element-d845872 elementor-widget elementor-widget-heading\" data-id=\"d845872\" data-element_type=\"widget\" data-e-type=\"widget\" data-widget_type=\"heading.default\">\n\t\t\t\t<div class=\"elementor-widget-container\">\n\t\t\t\t\t<h2 class=\"elementor-heading-title elementor-size-medium\">Ceiling Flat, Mix N\u2019 Match\n100 % acrylic latex paint, interior-exterior, matte finish<\/h2>\t\t\t\t<\/div>\n\t\t\t\t<\/div>\n\t\t\t\t<div class=\"elementor-element elementor-element-99335d6 elementor-widget elementor-widget-text-editor\" data-id=\"99335d6\" data-element_type=\"widget\" data-e-type=\"widget\" data-widget_type=\"text-editor.default\">\n\t\t\t\t<div class=\"elementor-widget-container\">\n\t\t\t\t\t\t\t\t\t<p>Whether you want to create a fresh atmosphere or simply add a dazzling touch to your decor, Sparkling White is as cool as its name. NCS Code: S 0300-N<\/p>\t\t\t\t\t\t\t\t<\/div>\n\t\t\t\t<\/div>\n\t\t\t\t<div class=\"elementor-element elementor-element-f20164a elementor-widget elementor-widget-button\" data-id=\"f20164a\" data-element_type=\"widget\" data-e-type=\"widget\" data-widget_type=\"button.default\">\n\t\t\t\t<div class=\"elementor-widget-container\">\n\t\t\t\t\t\t\t\t\t<div class=\"elementor-button-wrapper\">\n\t\t\t\t\t<a class=\"elementor-button elementor-button-link elementor-size-md\" href=\"https:\/\/mixnmatchpaint.com\/wp-content\/uploads\/2022\/07\/FT_MM_CeilingFlat_ANG_EnLigneAC.pdf\" target=\"_blank\">\n\t\t\t\t\t\t<span class=\"elementor-button-content-wrapper\">\n\t\t\t\t\t\t\t\t\t<span class=\"elementor-button-text\">Technical Sheet<\/span>\n\t\t\t\t\t<\/span>\n\t\t\t\t\t<\/a>\n\t\t\t\t<\/div>\n\t\t\t\t\t\t\t\t<\/div>\n\t\t\t\t<\/div>\n\t\t\t\t<div class=\"elementor-element elementor-element-55661e9 elementor-widget elementor-widget-button\" data-id=\"55661e9\" data-element_type=\"widget\" data-e-type=\"widget\" data-widget_type=\"button.default\">\n\t\t\t\t<div class=\"elementor-widget-container\">\n\t\t\t\t\t\t\t\t\t<div class=\"elementor-button-wrapper\">\n\t\t\t\t\t<a class=\"elementor-button elementor-button-link elementor-size-md\" href=\"#\">\n\t\t\t\t\t\t<span class=\"elementor-button-content-wrapper\">\n\t\t\t\t\t\t\t\t\t<span class=\"elementor-button-text\">Safety Datasheet<\/span>\n\t\t\t\t\t<\/span>\n\t\t\t\t\t<\/a>\n\t\t\t\t<\/div>\n\t\t\t\t\t\t\t\t<\/div>\n\t\t\t\t<\/div>\n\t\t\t\t\t<\/div>\n\t\t<\/div>\n\t\t\t\t\t<\/div>\n\t\t<\/section>\n\t\t\t\t<section class=\"elementor-section elementor-top-section elementor-element elementor-element-26ff27e elementor-section-boxed elementor-section-height-default elementor-section-height-default\" data-id=\"26ff27e\" data-element_type=\"section\" data-e-type=\"section\">\n\t\t\t\t\t\t<div class=\"elementor-container elementor-column-gap-default\">\n\t\t\t\t\t<div class=\"elementor-column elementor-col-100 elementor-top-column elementor-element elementor-element-f6d9b67\" data-id=\"f6d9b67\" data-element_type=\"column\" data-e-type=\"column\">\n\t\t\t<div class=\"elementor-widget-wrap elementor-element-populated\">\n\t\t\t\t\t\t<div class=\"elementor-element elementor-element-c947d63 elementor-widget elementor-widget-spacer\" data-id=\"c947d63\" data-element_type=\"widget\" data-e-type=\"widget\" data-widget_type=\"spacer.default\">\n\t\t\t\t<div class=\"elementor-widget-container\">\n\t\t\t\t\t\t\t<div class=\"elementor-spacer\">\n\t\t\t<div class=\"elementor-spacer-inner\"><\/div>\n\t\t<\/div>\n\t\t\t\t\t\t<\/div>\n\t\t\t\t<\/div>\n\t\t\t\t\t<\/div>\n\t\t<\/div>\n\t\t\t\t\t<\/div>\n\t\t<\/section>\n\t\t\t\t<section class=\"elementor-section elementor-top-section elementor-element elementor-element-de7ef8e elementor-section-boxed elementor-section-height-default elementor-section-height-default\" data-id=\"de7ef8e\" data-element_type=\"section\" data-e-type=\"section\">\n\t\t\t\t\t\t<div class=\"elementor-container elementor-column-gap-default\">\n\t\t\t\t\t<div class=\"elementor-column elementor-col-33 elementor-top-column elementor-element elementor-element-d42f2cc\" data-id=\"d42f2cc\" data-element_type=\"column\" data-e-type=\"column\">\n\t\t\t<div class=\"elementor-widget-wrap elementor-element-populated\">\n\t\t\t\t\t\t<div class=\"elementor-element elementor-element-260de05 elementor-widget elementor-widget-image\" data-id=\"260de05\" data-element_type=\"widget\" data-e-type=\"widget\" data-widget_type=\"image.default\">\n\t\t\t\t<div class=\"elementor-widget-container\">\n\t\t\t\t\t\t\t\t\t\t\t\t\t\t\t<img decoding=\"async\" width=\"800\" height=\"769\" src=\"https:\/\/mixnmatchpaint.com\/wp-content\/uploads\/2022\/07\/AMAZON_CANang_1870-010AC_CeilingJustWhite-VF-1024x984.png\" class=\"attachment-large size-large wp-image-2857\" alt=\"\" srcset=\"https:\/\/mixnmatchpaint.com\/wp-content\/uploads\/2022\/07\/AMAZON_CANang_1870-010AC_CeilingJustWhite-VF-1024x984.png 1024w, https:\/\/mixnmatchpaint.com\/wp-content\/uploads\/2022\/07\/AMAZON_CANang_1870-010AC_CeilingJustWhite-VF-300x288.png 300w, https:\/\/mixnmatchpaint.com\/wp-content\/uploads\/2022\/07\/AMAZON_CANang_1870-010AC_CeilingJustWhite-VF-768x738.png 768w, https:\/\/mixnmatchpaint.com\/wp-content\/uploads\/2022\/07\/AMAZON_CANang_1870-010AC_CeilingJustWhite-VF-1536x1477.png 1536w, https:\/\/mixnmatchpaint.com\/wp-content\/uploads\/2022\/07\/AMAZON_CANang_1870-010AC_CeilingJustWhite-VF-2048x1969.png 2048w, https:\/\/mixnmatchpaint.com\/wp-content\/uploads\/2022\/07\/AMAZON_CANang_1870-010AC_CeilingJustWhite-VF-600x577.png 600w\" sizes=\"(max-width: 800px) 100vw, 800px\" \/>\t\t\t\t\t\t\t\t\t\t\t\t\t\t\t<\/div>\n\t\t\t\t<\/div>\n\t\t\t\t\t<\/div>\n\t\t<\/div>\n\t\t\t\t<div class=\"elementor-column elementor-col-66 elementor-top-column elementor-element elementor-element-d6e3444\" data-id=\"d6e3444\" data-element_type=\"column\" data-e-type=\"column\">\n\t\t\t<div class=\"elementor-widget-wrap elementor-element-populated\">\n\t\t\t\t\t\t<div class=\"elementor-element elementor-element-b5d0208 elementor-widget elementor-widget-heading\" data-id=\"b5d0208\" data-element_type=\"widget\" data-e-type=\"widget\" data-widget_type=\"heading.default\">\n\t\t\t\t<div class=\"elementor-widget-container\">\n\t\t\t\t\t<h2 class=\"elementor-heading-title elementor-size-medium\">Ceiling Flat, Mix N\u2019 Match\n100 % acrylic latex paint, interior-exterior, matte finish<\/h2>\t\t\t\t<\/div>\n\t\t\t\t<\/div>\n\t\t\t\t<div class=\"elementor-element elementor-element-bc6181b elementor-widget elementor-widget-text-editor\" data-id=\"bc6181b\" data-element_type=\"widget\" data-e-type=\"widget\" data-widget_type=\"text-editor.default\">\n\t\t\t\t<div class=\"elementor-widget-container\">\n\t\t\t\t\t\t\t\t\t<p>Simple and versatile Just White is the ideal balance between a warm and a cool white. Perfectly warm to be paired with any color of our palette yet bright enough to be used as a cool main white without the blue undertone often associated with cool white. NCS Code: S 0500-N<\/p>\t\t\t\t\t\t\t\t<\/div>\n\t\t\t\t<\/div>\n\t\t\t\t<div class=\"elementor-element elementor-element-99824d2 elementor-widget elementor-widget-button\" data-id=\"99824d2\" data-element_type=\"widget\" data-e-type=\"widget\" data-widget_type=\"button.default\">\n\t\t\t\t<div class=\"elementor-widget-container\">\n\t\t\t\t\t\t\t\t\t<div class=\"elementor-button-wrapper\">\n\t\t\t\t\t<a class=\"elementor-button elementor-button-link elementor-size-md\" href=\"https:\/\/mixnmatchpaint.com\/wp-content\/uploads\/2022\/07\/FT_MM_CeilingFlat_ANG_EnLigneAC.pdf\" target=\"_blank\">\n\t\t\t\t\t\t<span class=\"elementor-button-content-wrapper\">\n\t\t\t\t\t\t\t\t\t<span class=\"elementor-button-text\">Technical Sheet<\/span>\n\t\t\t\t\t<\/span>\n\t\t\t\t\t<\/a>\n\t\t\t\t<\/div>\n\t\t\t\t\t\t\t\t<\/div>\n\t\t\t\t<\/div>\n\t\t\t\t<div class=\"elementor-element elementor-element-ef82b99 elementor-widget elementor-widget-button\" data-id=\"ef82b99\" data-element_type=\"widget\" data-e-type=\"widget\" data-widget_type=\"button.default\">\n\t\t\t\t<div class=\"elementor-widget-container\">\n\t\t\t\t\t\t\t\t\t<div class=\"elementor-button-wrapper\">\n\t\t\t\t\t<a class=\"elementor-button elementor-button-link elementor-size-md\" href=\"#\">\n\t\t\t\t\t\t<span class=\"elementor-button-content-wrapper\">\n\t\t\t\t\t\t\t\t\t<span class=\"elementor-button-text\">Safety Datasheet<\/span>\n\t\t\t\t\t<\/span>\n\t\t\t\t\t<\/a>\n\t\t\t\t<\/div>\n\t\t\t\t\t\t\t\t<\/div>\n\t\t\t\t<\/div>\n\t\t\t\t\t<\/div>\n\t\t<\/div>\n\t\t\t\t\t<\/div>\n\t\t<\/section>\n\t\t\t\t<section class=\"elementor-section elementor-top-section elementor-element elementor-element-6a7cb90 elementor-section-boxed elementor-section-height-default elementor-section-height-default\" data-id=\"6a7cb90\" data-element_type=\"section\" data-e-type=\"section\">\n\t\t\t\t\t\t<div class=\"elementor-container elementor-column-gap-default\">\n\t\t\t\t\t<div class=\"elementor-column elementor-col-100 elementor-top-column elementor-element elementor-element-69f4717\" data-id=\"69f4717\" data-element_type=\"column\" data-e-type=\"column\">\n\t\t\t<div class=\"elementor-widget-wrap elementor-element-populated\">\n\t\t\t\t\t\t<div class=\"elementor-element elementor-element-67cb34c elementor-widget elementor-widget-spacer\" data-id=\"67cb34c\" data-element_type=\"widget\" data-e-type=\"widget\" data-widget_type=\"spacer.default\">\n\t\t\t\t<div class=\"elementor-widget-container\">\n\t\t\t\t\t\t\t<div class=\"elementor-spacer\">\n\t\t\t<div class=\"elementor-spacer-inner\"><\/div>\n\t\t<\/div>\n\t\t\t\t\t\t<\/div>\n\t\t\t\t<\/div>\n\t\t\t\t\t<\/div>\n\t\t<\/div>\n\t\t\t\t\t<\/div>\n\t\t<\/section>\n\t\t\t\t<\/div>\n\t\t<section id=\"easyCookie\" class=\"ec-fixed  ec-icon ec-black  ec-double-btn\" data-expiresdays=\"180\">\n\t\t<div>\n\t\t\t<div class=\"ec-infos\">\n\t\t\t\tLe site web mixnmatchpaint.com utilise des t\u00e9moins de connexion (cookies) pour am\u00e9liorer votre exp\u00e9rience lorsque vous naviguez sur le site. Nous vous prions de bien vouloir prendre connaissance des pr\u00e9sentes modalit\u00e9s avant d\u2019utiliser le site web ou les services qu\u2019il offre. \/\/ We use cookies to ensure that we give you the best experience. If you continue using this website, we'll assume that you are happy about that.\n\t\t\t<\/div>\n\t\t\t<div class=\"ec-btns\">\n\t\t\t\t<a href=\"#\" class=\"ec-accept\">J'accepte \/\/ Accept<\/a>\n\t\t\t\t<a href=\"https:\/\/mixnmatchpaint.com\/fr-ca\/politique-de-confidentialite-et-conditions-dutilisation\/\" class=\"ec-empty\">Voir plus \/\/ View More<\/a>\n\t\t\t<\/div>\n\t\t<\/div>\n\t<\/section>","protected":false},"excerpt":{"rendered":"<p>Ceiling Flat, Mix N\u2019 Match 100 % acrylic latex paint, interior-exterior, matte finish Whether you want to create a fresh atmosphere or simply add a dazzling touch to your decor, Sparkling White is as cool as its name. NCS Code: S 0300-N Technical Sheet Safety Datasheet Ceiling Flat, Mix N\u2019 Match 100 % acrylic latex [&hellip;]<\/p>\n","protected":false},"author":2,"featured_media":0,"parent":0,"menu_order":0,"comment_status":"closed","ping_status":"closed","template":"","meta":{"_acf_changed":false,"footnotes":""},"class_list":["post-2836","page","type-page","status-publish","hentry"],"acf":[],"yoast_head":"<!-- This site is optimized with the Yoast SEO plugin v27.5 - https:\/\/yoast.com\/product\/yoast-seo-wordpress\/ -->\n<title>Ceiling Flat - Mix n&#039;Match Paint by Laurentide<\/title>\n<meta name=\"robots\" content=\"index, follow, max-snippet:-1, max-image-preview:large, max-video-preview:-1\" \/>\n<link rel=\"canonical\" href=\"https:\/\/mixnmatchpaint.com\/en-ca\/ceiling-flat\/\" \/>\n<meta property=\"og:locale\" content=\"en_US\" \/>\n<meta property=\"og:type\" content=\"article\" \/>\n<meta property=\"og:title\" content=\"Ceiling Flat - Mix n&#039;Match Paint by Laurentide\" \/>\n<meta property=\"og:description\" content=\"Ceiling Flat, Mix N\u2019 Match 100 % acrylic latex paint, interior-exterior, matte finish Whether you want to create a fresh atmosphere or simply add a dazzling touch to your decor, Sparkling White is as cool as its name. NCS Code: S 0300-N Technical Sheet Safety Datasheet Ceiling Flat, Mix N\u2019 Match 100 % acrylic latex [&hellip;]\" \/>\n<meta property=\"og:url\" content=\"https:\/\/mixnmatchpaint.com\/en-ca\/ceiling-flat\/\" \/>\n<meta property=\"og:site_name\" content=\"Mix n&#039;Match Paint by Laurentide\" \/>\n<meta property=\"article:modified_time\" content=\"2022-07-22T15:49:11+00:00\" \/>\n<meta property=\"og:image\" content=\"https:\/\/mixnmatchpaint.com\/wp-content\/uploads\/2022\/06\/AMAZON_US_1870-032A_CeilingSparklingWhite-VFX-1024x984.png\" \/>\n<meta name=\"twitter:card\" content=\"summary_large_image\" \/>\n<meta name=\"twitter:label1\" content=\"Est. reading time\" \/>\n\t<meta name=\"twitter:data1\" content=\"1 minute\" \/>\n<script type=\"application\/ld+json\" class=\"yoast-schema-graph\">{\"@context\":\"https:\\\/\\\/schema.org\",\"@graph\":[{\"@type\":\"WebPage\",\"@id\":\"https:\\\/\\\/mixnmatchpaint.com\\\/en-ca\\\/ceiling-flat\\\/\",\"url\":\"https:\\\/\\\/mixnmatchpaint.com\\\/en-ca\\\/ceiling-flat\\\/\",\"name\":\"Ceiling Flat - Mix n&#039;Match Paint by Laurentide\",\"isPartOf\":{\"@id\":\"https:\\\/\\\/mixnmatchpaint.com\\\/en-ca\\\/#website\"},\"primaryImageOfPage\":{\"@id\":\"https:\\\/\\\/mixnmatchpaint.com\\\/en-ca\\\/ceiling-flat\\\/#primaryimage\"},\"image\":{\"@id\":\"https:\\\/\\\/mixnmatchpaint.com\\\/en-ca\\\/ceiling-flat\\\/#primaryimage\"},\"thumbnailUrl\":\"https:\\\/\\\/mixnmatchpaint.com\\\/wp-content\\\/uploads\\\/2022\\\/06\\\/AMAZON_US_1870-032A_CeilingSparklingWhite-VFX-1024x984.png\",\"datePublished\":\"2022-07-22T15:41:08+00:00\",\"dateModified\":\"2022-07-22T15:49:11+00:00\",\"breadcrumb\":{\"@id\":\"https:\\\/\\\/mixnmatchpaint.com\\\/en-ca\\\/ceiling-flat\\\/#breadcrumb\"},\"inLanguage\":\"en-CA\",\"potentialAction\":[{\"@type\":\"ReadAction\",\"target\":[\"https:\\\/\\\/mixnmatchpaint.com\\\/en-ca\\\/ceiling-flat\\\/\"]}]},{\"@type\":\"ImageObject\",\"inLanguage\":\"en-CA\",\"@id\":\"https:\\\/\\\/mixnmatchpaint.com\\\/en-ca\\\/ceiling-flat\\\/#primaryimage\",\"url\":\"https:\\\/\\\/mixnmatchpaint.com\\\/wp-content\\\/uploads\\\/2022\\\/06\\\/AMAZON_US_1870-032A_CeilingSparklingWhite-VFX-1024x984.png\",\"contentUrl\":\"https:\\\/\\\/mixnmatchpaint.com\\\/wp-content\\\/uploads\\\/2022\\\/06\\\/AMAZON_US_1870-032A_CeilingSparklingWhite-VFX-1024x984.png\"},{\"@type\":\"BreadcrumbList\",\"@id\":\"https:\\\/\\\/mixnmatchpaint.com\\\/en-ca\\\/ceiling-flat\\\/#breadcrumb\",\"itemListElement\":[{\"@type\":\"ListItem\",\"position\":1,\"name\":\"Home\",\"item\":\"https:\\\/\\\/mixnmatchpaint.com\\\/en-ca\\\/\"},{\"@type\":\"ListItem\",\"position\":2,\"name\":\"Ceiling Flat\"}]},{\"@type\":\"WebSite\",\"@id\":\"https:\\\/\\\/mixnmatchpaint.com\\\/en-ca\\\/#website\",\"url\":\"https:\\\/\\\/mixnmatchpaint.com\\\/en-ca\\\/\",\"name\":\"Mix n&#039;Match Paint by Laurentide\",\"description\":\"Pre-mixed Color Collection\",\"publisher\":{\"@id\":\"https:\\\/\\\/mixnmatchpaint.com\\\/en-ca\\\/#organization\"},\"potentialAction\":[{\"@type\":\"SearchAction\",\"target\":{\"@type\":\"EntryPoint\",\"urlTemplate\":\"https:\\\/\\\/mixnmatchpaint.com\\\/en-ca\\\/?s={search_term_string}\"},\"query-input\":{\"@type\":\"PropertyValueSpecification\",\"valueRequired\":true,\"valueName\":\"search_term_string\"}}],\"inLanguage\":\"en-CA\"},{\"@type\":\"Organization\",\"@id\":\"https:\\\/\\\/mixnmatchpaint.com\\\/en-ca\\\/#organization\",\"name\":\"Mix n'Match paint by Laurentide\",\"url\":\"https:\\\/\\\/mixnmatchpaint.com\\\/en-ca\\\/\",\"logo\":{\"@type\":\"ImageObject\",\"inLanguage\":\"en-CA\",\"@id\":\"https:\\\/\\\/mixnmatchpaint.com\\\/en-ca\\\/#\\\/schema\\\/logo\\\/image\\\/\",\"url\":\"https:\\\/\\\/mixnmatchpaint.com\\\/wp-content\\\/uploads\\\/2020\\\/12\\\/mixnmatch_logo-us-en.png\",\"contentUrl\":\"https:\\\/\\\/mixnmatchpaint.com\\\/wp-content\\\/uploads\\\/2020\\\/12\\\/mixnmatch_logo-us-en.png\",\"width\":1000,\"height\":150,\"caption\":\"Mix n'Match paint by Laurentide\"},\"image\":{\"@id\":\"https:\\\/\\\/mixnmatchpaint.com\\\/en-ca\\\/#\\\/schema\\\/logo\\\/image\\\/\"}}]}<\/script>\n<!-- \/ Yoast SEO plugin. -->","yoast_head_json":{"title":"Ceiling Flat - Mix n&#039;Match Paint by Laurentide","robots":{"index":"index","follow":"follow","max-snippet":"max-snippet:-1","max-image-preview":"max-image-preview:large","max-video-preview":"max-video-preview:-1"},"canonical":"https:\/\/mixnmatchpaint.com\/en-ca\/ceiling-flat\/","og_locale":"en_US","og_type":"article","og_title":"Ceiling Flat - Mix n&#039;Match Paint by Laurentide","og_description":"Ceiling Flat, Mix N\u2019 Match 100 % acrylic latex paint, interior-exterior, matte finish Whether you want to create a fresh atmosphere or simply add a dazzling touch to your decor, Sparkling White is as cool as its name. NCS Code: S 0300-N Technical Sheet Safety Datasheet Ceiling Flat, Mix N\u2019 Match 100 % acrylic latex [&hellip;]","og_url":"https:\/\/mixnmatchpaint.com\/en-ca\/ceiling-flat\/","og_site_name":"Mix n&#039;Match Paint by Laurentide","article_modified_time":"2022-07-22T15:49:11+00:00","og_image":[{"url":"https:\/\/mixnmatchpaint.com\/wp-content\/uploads\/2022\/06\/AMAZON_US_1870-032A_CeilingSparklingWhite-VFX-1024x984.png","type":"","width":"","height":""}],"twitter_card":"summary_large_image","twitter_misc":{"Est. reading time":"1 minute"},"schema":{"@context":"https:\/\/schema.org","@graph":[{"@type":"WebPage","@id":"https:\/\/mixnmatchpaint.com\/en-ca\/ceiling-flat\/","url":"https:\/\/mixnmatchpaint.com\/en-ca\/ceiling-flat\/","name":"Ceiling Flat - Mix n&#039;Match Paint by Laurentide","isPartOf":{"@id":"https:\/\/mixnmatchpaint.com\/en-ca\/#website"},"primaryImageOfPage":{"@id":"https:\/\/mixnmatchpaint.com\/en-ca\/ceiling-flat\/#primaryimage"},"image":{"@id":"https:\/\/mixnmatchpaint.com\/en-ca\/ceiling-flat\/#primaryimage"},"thumbnailUrl":"https:\/\/mixnmatchpaint.com\/wp-content\/uploads\/2022\/06\/AMAZON_US_1870-032A_CeilingSparklingWhite-VFX-1024x984.png","datePublished":"2022-07-22T15:41:08+00:00","dateModified":"2022-07-22T15:49:11+00:00","breadcrumb":{"@id":"https:\/\/mixnmatchpaint.com\/en-ca\/ceiling-flat\/#breadcrumb"},"inLanguage":"en-CA","potentialAction":[{"@type":"ReadAction","target":["https:\/\/mixnmatchpaint.com\/en-ca\/ceiling-flat\/"]}]},{"@type":"ImageObject","inLanguage":"en-CA","@id":"https:\/\/mixnmatchpaint.com\/en-ca\/ceiling-flat\/#primaryimage","url":"https:\/\/mixnmatchpaint.com\/wp-content\/uploads\/2022\/06\/AMAZON_US_1870-032A_CeilingSparklingWhite-VFX-1024x984.png","contentUrl":"https:\/\/mixnmatchpaint.com\/wp-content\/uploads\/2022\/06\/AMAZON_US_1870-032A_CeilingSparklingWhite-VFX-1024x984.png"},{"@type":"BreadcrumbList","@id":"https:\/\/mixnmatchpaint.com\/en-ca\/ceiling-flat\/#breadcrumb","itemListElement":[{"@type":"ListItem","position":1,"name":"Home","item":"https:\/\/mixnmatchpaint.com\/en-ca\/"},{"@type":"ListItem","position":2,"name":"Ceiling Flat"}]},{"@type":"WebSite","@id":"https:\/\/mixnmatchpaint.com\/en-ca\/#website","url":"https:\/\/mixnmatchpaint.com\/en-ca\/","name":"Mix n&#039;Match Paint by Laurentide","description":"Pre-mixed Color Collection","publisher":{"@id":"https:\/\/mixnmatchpaint.com\/en-ca\/#organization"},"potentialAction":[{"@type":"SearchAction","target":{"@type":"EntryPoint","urlTemplate":"https:\/\/mixnmatchpaint.com\/en-ca\/?s={search_term_string}"},"query-input":{"@type":"PropertyValueSpecification","valueRequired":true,"valueName":"search_term_string"}}],"inLanguage":"en-CA"},{"@type":"Organization","@id":"https:\/\/mixnmatchpaint.com\/en-ca\/#organization","name":"Mix n'Match paint by Laurentide","url":"https:\/\/mixnmatchpaint.com\/en-ca\/","logo":{"@type":"ImageObject","inLanguage":"en-CA","@id":"https:\/\/mixnmatchpaint.com\/en-ca\/#\/schema\/logo\/image\/","url":"https:\/\/mixnmatchpaint.com\/wp-content\/uploads\/2020\/12\/mixnmatch_logo-us-en.png","contentUrl":"https:\/\/mixnmatchpaint.com\/wp-content\/uploads\/2020\/12\/mixnmatch_logo-us-en.png","width":1000,"height":150,"caption":"Mix n'Match paint by Laurentide"},"image":{"@id":"https:\/\/mixnmatchpaint.com\/en-ca\/#\/schema\/logo\/image\/"}}]}},"_links":{"self":[{"href":"https:\/\/mixnmatchpaint.com\/en-ca\/wp-json\/wp\/v2\/pages\/2836","targetHints":{"allow":["GET"]}}],"collection":[{"href":"https:\/\/mixnmatchpaint.com\/en-ca\/wp-json\/wp\/v2\/pages"}],"about":[{"href":"https:\/\/mixnmatchpaint.com\/en-ca\/wp-json\/wp\/v2\/types\/page"}],"author":[{"embeddable":true,"href":"https:\/\/mixnmatchpaint.com\/en-ca\/wp-json\/wp\/v2\/users\/2"}],"replies":[{"embeddable":true,"href":"https:\/\/mixnmatchpaint.com\/en-ca\/wp-json\/wp\/v2\/comments?post=2836"}],"version-history":[{"count":11,"href":"https:\/\/mixnmatchpaint.com\/en-ca\/wp-json\/wp\/v2\/pages\/2836\/revisions"}],"predecessor-version":[{"id":2918,"href":"https:\/\/mixnmatchpaint.com\/en-ca\/wp-json\/wp\/v2\/pages\/2836\/revisions\/2918"}],"wp:attachment":[{"href":"https:\/\/mixnmatchpaint.com\/en-ca\/wp-json\/wp\/v2\/media?parent=2836"}],"curies":[{"name":"wp","href":"https:\/\/api.w.org\/{rel}","templated":true}]}}